{"id":9138,"date":"2024-11-20T12:34:50","date_gmt":"2024-11-20T11:34:50","guid":{"rendered":"https:\/\/dps-strumien.pl\/?page_id=9138"},"modified":"2024-11-20T12:34:50","modified_gmt":"2024-11-20T11:34:50","slug":"regulamin-zgloszen-wewnetrznych-naruszen-prawa","status":"publish","type":"page","link":"https:\/\/dps-strumien.pl\/index.php\/regulamin-zgloszen-wewnetrznych-naruszen-prawa\/","title":{"rendered":"Regulamin Zg\u0142osze\u0144 Wewn\u0119trznych Narusze\u0144 Prawa"},"content":{"rendered":"\n<div data-wp-interactive=\"core\/file\" class=\"wp-block-file\"><object data-wp-bind--hidden=\"!state.hasPdfPreview\" hidden class=\"wp-block-file__embed\" data=\"https:\/\/dps-strumien.pl\/wp-content\/uploads\/2024\/11\/Regulamin-Zgloszen-wewnetrznych-naruszen-prawa-w-DPS.pdf\" type=\"application\/pdf\" style=\"width:100%;height:600px\" aria-label=\"Osadzone z Regulamin Zg\u0142osze\u0144 wewn\u0119trznych narusze\u0144 prawa w DPS.\"><\/object><a id=\"wp-block-file--media-932b6a25-d364-4f79-9182-0742b0228460\" href=\"https:\/\/dps-strumien.pl\/wp-content\/uploads\/2024\/11\/Regulamin-Zgloszen-wewnetrznych-naruszen-prawa-w-DPS.pdf\">Regulamin Zg\u0142osze\u0144 wewn\u0119trznych narusze\u0144 prawa w DPS<\/a><a href=\"https:\/\/dps-strumien.pl\/wp-content\/uploads\/2024\/11\/Regulamin-Zgloszen-wewnetrznych-naruszen-prawa-w-DPS.pdf\" class=\"wp-block-file__button wp-element-button\" download aria-describedby=\"wp-block-file--media-932b6a25-d364-4f79-9182-0742b0228460\">Pobierz<\/a><\/div>\n","protected":false},"excerpt":{"rendered":"","protected":false},"author":1,"featured_media":0,"parent":0,"menu_order":0,"comment_status":"closed","ping_status":"closed","template":"","meta":{"ngg_post_thumbnail":0,"footnotes":""},"class_list":["post-9138","page","type-page","status-publish","hentry"],"_links":{"self":[{"href":"https:\/\/dps-strumien.pl\/index.php\/wp-json\/wp\/v2\/pages\/9138","targetHints":{"allow":["GET"]}}],"collection":[{"href":"https:\/\/dps-strumien.pl\/index.php\/wp-json\/wp\/v2\/pages"}],"about":[{"href":"https:\/\/dps-strumien.pl\/index.php\/wp-json\/wp\/v2\/types\/page"}],"author":[{"embeddable":true,"href":"https:\/\/dps-strumien.pl\/index.php\/wp-json\/wp\/v2\/users\/1"}],"replies":[{"embeddable":true,"href":"https:\/\/dps-strumien.pl\/index.php\/wp-json\/wp\/v2\/comments?post=9138"}],"version-history":[{"count":1,"href":"https:\/\/dps-strumien.pl\/index.php\/wp-json\/wp\/v2\/pages\/9138\/revisions"}],"predecessor-version":[{"id":9141,"href":"https:\/\/dps-strumien.pl\/index.php\/wp-json\/wp\/v2\/pages\/9138\/revisions\/9141"}],"wp:attachment":[{"href":"https:\/\/dps-strumien.pl\/index.php\/wp-json\/wp\/v2\/media?parent=9138"}],"curies":[{"name":"wp","href":"https:\/\/api.w.org\/{rel}","templated":true}]}}