{"id":9127,"date":"2024-11-20T10:08:11","date_gmt":"2024-11-20T09:08:11","guid":{"rendered":"https:\/\/dps-strumien.pl\/?page_id=9127"},"modified":"2025-01-24T13:50:09","modified_gmt":"2025-01-24T12:50:09","slug":"rada-domownikow","status":"publish","type":"page","link":"https:\/\/dps-strumien.pl\/index.php\/rada-domownikow\/","title":{"rendered":"Rada Domownik\u00f3w"},"content":{"rendered":"\n<p class=\"has-text-align-center\">Na terenie naszego Domu dzia\u0142a wybrana w drodze demokratycznych wybor\u00f3w Rada Domownik\u00f3w. Aktualna kadencja przypada na lata 2022 &#8211; 2026. <\/p>\n\n\n\n<figure class=\"wp-block-image size-large\"><img loading=\"lazy\" decoding=\"async\" width=\"1024\" height=\"724\" src=\"https:\/\/dps-strumien.pl\/wp-content\/uploads\/2025\/01\/Michal-1024x724.png\" alt=\"\" class=\"wp-image-9668\" srcset=\"https:\/\/dps-strumien.pl\/wp-content\/uploads\/2025\/01\/Michal-1024x724.png 1024w, https:\/\/dps-strumien.pl\/wp-content\/uploads\/2025\/01\/Michal-300x212.png 300w, https:\/\/dps-strumien.pl\/wp-content\/uploads\/2025\/01\/Michal-768x543.png 768w, https:\/\/dps-strumien.pl\/wp-content\/uploads\/2025\/01\/Michal-1536x1086.png 1536w, https:\/\/dps-strumien.pl\/wp-content\/uploads\/2025\/01\/Michal.png 2000w\" sizes=\"auto, (max-width: 1024px) 100vw, 1024px\" \/><\/figure>\n\n\n\n<figure class=\"wp-block-image size-large\"><img loading=\"lazy\" decoding=\"async\" width=\"724\" height=\"1024\" src=\"https:\/\/dps-strumien.pl\/wp-content\/uploads\/2025\/01\/Grzegorz-Marcin-Kamil-724x1024.png\" alt=\"\" class=\"wp-image-9669\" srcset=\"https:\/\/dps-strumien.pl\/wp-content\/uploads\/2025\/01\/Grzegorz-Marcin-Kamil-724x1024.png 724w, https:\/\/dps-strumien.pl\/wp-content\/uploads\/2025\/01\/Grzegorz-Marcin-Kamil-212x300.png 212w, https:\/\/dps-strumien.pl\/wp-content\/uploads\/2025\/01\/Grzegorz-Marcin-Kamil-768x1086.png 768w, https:\/\/dps-strumien.pl\/wp-content\/uploads\/2025\/01\/Grzegorz-Marcin-Kamil-1086x1536.png 1086w, https:\/\/dps-strumien.pl\/wp-content\/uploads\/2025\/01\/Grzegorz-Marcin-Kamil.png 1414w\" sizes=\"auto, (max-width: 724px) 100vw, 724px\" \/><\/figure>\n\n\n\n<figure class=\"wp-block-image size-large\"><img loading=\"lazy\" decoding=\"async\" width=\"724\" height=\"1024\" src=\"https:\/\/dps-strumien.pl\/wp-content\/uploads\/2024\/11\/Rada-Domownikow-2022-2026-3-1-724x1024.png\" alt=\"\" class=\"wp-image-9132\" srcset=\"https:\/\/dps-strumien.pl\/wp-content\/uploads\/2024\/11\/Rada-Domownikow-2022-2026-3-1-724x1024.png 724w, https:\/\/dps-strumien.pl\/wp-content\/uploads\/2024\/11\/Rada-Domownikow-2022-2026-3-1-212x300.png 212w, https:\/\/dps-strumien.pl\/wp-content\/uploads\/2024\/11\/Rada-Domownikow-2022-2026-3-1-768x1086.png 768w, https:\/\/dps-strumien.pl\/wp-content\/uploads\/2024\/11\/Rada-Domownikow-2022-2026-3-1-1086x1536.png 1086w, https:\/\/dps-strumien.pl\/wp-content\/uploads\/2024\/11\/Rada-Domownikow-2022-2026-3-1.png 1414w\" sizes=\"auto, (max-width: 724px) 100vw, 724px\" \/><\/figure>\n\n\n\n<figure class=\"wp-block-image size-large\"><img loading=\"lazy\" decoding=\"async\" width=\"724\" height=\"1024\" src=\"https:\/\/dps-strumien.pl\/wp-content\/uploads\/2024\/11\/Rada-Domownikow-2022-2026-1-1-724x1024.png\" alt=\"\" class=\"wp-image-9133\" srcset=\"https:\/\/dps-strumien.pl\/wp-content\/uploads\/2024\/11\/Rada-Domownikow-2022-2026-1-1-724x1024.png 724w, https:\/\/dps-strumien.pl\/wp-content\/uploads\/2024\/11\/Rada-Domownikow-2022-2026-1-1-212x300.png 212w, https:\/\/dps-strumien.pl\/wp-content\/uploads\/2024\/11\/Rada-Domownikow-2022-2026-1-1-768x1086.png 768w, https:\/\/dps-strumien.pl\/wp-content\/uploads\/2024\/11\/Rada-Domownikow-2022-2026-1-1-1086x1536.png 1086w, https:\/\/dps-strumien.pl\/wp-content\/uploads\/2024\/11\/Rada-Domownikow-2022-2026-1-1.png 1414w\" sizes=\"auto, (max-width: 724px) 100vw, 724px\" \/><\/figure>\n","protected":false},"excerpt":{"rendered":"<p>Na terenie naszego Domu dzia\u0142a wybrana w drodze demokratycznych wybor\u00f3w Rada Domownik\u00f3w. Aktualna kadencja przypada na lata 2022 &#8211; 2026.<\/p>\n","protected":false},"author":1,"featured_media":0,"parent":0,"menu_order":0,"comment_status":"closed","ping_status":"closed","template":"","meta":{"ngg_post_thumbnail":0,"footnotes":""},"class_list":["post-9127","page","type-page","status-publish","hentry"],"_links":{"self":[{"href":"https:\/\/dps-strumien.pl\/index.php\/wp-json\/wp\/v2\/pages\/9127","targetHints":{"allow":["GET"]}}],"collection":[{"href":"https:\/\/dps-strumien.pl\/index.php\/wp-json\/wp\/v2\/pages"}],"about":[{"href":"https:\/\/dps-strumien.pl\/index.php\/wp-json\/wp\/v2\/types\/page"}],"author":[{"embeddable":true,"href":"https:\/\/dps-strumien.pl\/index.php\/wp-json\/wp\/v2\/users\/1"}],"replies":[{"embeddable":true,"href":"https:\/\/dps-strumien.pl\/index.php\/wp-json\/wp\/v2\/comments?post=9127"}],"version-history":[{"count":2,"href":"https:\/\/dps-strumien.pl\/index.php\/wp-json\/wp\/v2\/pages\/9127\/revisions"}],"predecessor-version":[{"id":9671,"href":"https:\/\/dps-strumien.pl\/index.php\/wp-json\/wp\/v2\/pages\/9127\/revisions\/9671"}],"wp:attachment":[{"href":"https:\/\/dps-strumien.pl\/index.php\/wp-json\/wp\/v2\/media?parent=9127"}],"curies":[{"name":"wp","href":"https:\/\/api.w.org\/{rel}","templated":true}]}}