{"id":8798,"date":"2024-09-28T07:33:07","date_gmt":"2024-09-28T05:33:07","guid":{"rendered":"https:\/\/dps-strumien.pl\/?page_id=8798"},"modified":"2024-09-28T07:33:07","modified_gmt":"2024-09-28T05:33:07","slug":"usmiech-losu-podsumowanie-projektu","status":"publish","type":"page","link":"https:\/\/dps-strumien.pl\/index.php\/usmiech-losu-podsumowanie-projektu\/","title":{"rendered":"U\u015aMIECH LOSU &#8211; podsumowanie projektu"},"content":{"rendered":"\n<p>Nasza Fundacja uzyska\u0142a dofinansowanie Fundacji LOTTO im. Haliny Konopackiej na realizacj\u0119 projektu pn. &#8222;U\u015bmiech losu &#8211; poprawa jako\u015bci \u017cycia os\u00f3b z niepe\u0142nosprawno\u015bci\u0105 intelektualn\u0105 w domu pomocy spo\u0142ecznej&#8221;<\/p>\n\n\n\n<p>W ramach projektu przewidziano dwa obszary dzia\u0142a\u0144 kierowane do 73 mieszka\u0144c\u00f3w Domu Pomocy Spo\u0142ecznej dla Dzieci w Strumieniu (dps) b\u0119d\u0105cych podopiecznymi Fundacji &#8222;Zosta\u0144 Anio\u0142em&#8221;. S\u0105 to dzieci, m\u0142odzie\u017c i doros\u0142e osoby z niepe\u0142nosprawno\u015bci\u0105 intelektualn\u0105 oraz innymi wsp\u00f3\u0142wyst\u0119puj\u0105cymi schorzeniami np. pora\u017cenie m\u00f3zgowe, ograniczenia ruchowe, zaburzenia psychiczne, autyzm, Zesp\u00f3\u0142 Downa.<\/p>\n\n\n\n<p><strong>Ca\u0142kowita warto\u015b\u0107 projektu to 16 350,00 z\u0142 w tym:<\/strong><\/p>\n\n\n\n<p><strong>Dofinansowanie Fundacji LOTTO im. Haliny Konopackiej: 13 575,00 z\u0142<\/strong><\/p>\n\n\n\n<p><strong>Wk\u0142ad w\u0142asny Fundacji Zosta\u0144 Anio\u0142em: 2 775,00 z\u0142<\/strong><\/p>\n\n\n\n<p>W ramach projektu zrealizowano nast\u0119puj\u0105ce dzia\u0142ania<\/p>\n\n\n\n<p>I. Pierwszy z obszar\u00f3w dzia\u0142a\u0144 to poprawa jako\u015bci us\u0142ug fizjoterapii \u015bwiadczonej. W ramach projektu zakupiony zosta\u0142 st\u00f3\u0142 rehabilitacyjny z regulacj\u0105 wysoko\u015bci. Z us\u0142ug fizjoterapii z wykorzystaniem sprz\u0119tu korzysta\u0107 b\u0119d\u0105 regularnie 73 mieszka\u0144cy dps.<\/p>\n\n\n\n<figure class=\"wp-block-gallery has-nested-images columns-default is-cropped wp-block-gallery-1 is-layout-flex wp-block-gallery-is-layout-flex\">\n<figure class=\"wp-block-image size-large\"><img loading=\"lazy\" decoding=\"async\" width=\"768\" height=\"1024\" data-id=\"8799\" src=\"https:\/\/dps-strumien.pl\/wp-content\/uploads\/2024\/09\/s-jpg-1-768x1024.jpg\" alt=\"\" class=\"wp-image-8799\" srcset=\"https:\/\/dps-strumien.pl\/wp-content\/uploads\/2024\/09\/s-jpg-1-768x1024.jpg 768w, https:\/\/dps-strumien.pl\/wp-content\/uploads\/2024\/09\/s-jpg-1-225x300.jpg 225w, https:\/\/dps-strumien.pl\/wp-content\/uploads\/2024\/09\/s-jpg-1-1152x1536.jpg 1152w, https:\/\/dps-strumien.pl\/wp-content\/uploads\/2024\/09\/s-jpg-1.jpg 1500w\" sizes=\"auto, (max-width: 768px) 100vw, 768px\" \/><\/figure>\n\n\n\n<figure class=\"wp-block-image size-large\"><img loading=\"lazy\" decoding=\"async\" width=\"768\" height=\"1024\" data-id=\"8800\" src=\"https:\/\/dps-strumien.pl\/wp-content\/uploads\/2024\/09\/s-jpg-2-768x1024.jpg\" alt=\"\" class=\"wp-image-8800\" srcset=\"https:\/\/dps-strumien.pl\/wp-content\/uploads\/2024\/09\/s-jpg-2-768x1024.jpg 768w, https:\/\/dps-strumien.pl\/wp-content\/uploads\/2024\/09\/s-jpg-2-225x300.jpg 225w, https:\/\/dps-strumien.pl\/wp-content\/uploads\/2024\/09\/s-jpg-2-1152x1536.jpg 1152w, https:\/\/dps-strumien.pl\/wp-content\/uploads\/2024\/09\/s-jpg-2.jpg 1500w\" sizes=\"auto, (max-width: 768px) 100vw, 768px\" \/><\/figure>\n<\/figure>\n\n\n\n<p>II. Drugi obszar dzia\u0142a\u0144 dotyczy\u0142 rehabilitacji spo\u0142ecznej dzieci, m\u0142odzie\u017cy i doros\u0142ych os\u00f3b z niepe\u0142nosprawno\u015bci\u0105 intelektualn\u0105 w tym:<\/p>\n\n\n\n<p>II.1. Wyjazd dla os\u00f3b z g\u0142\u0119bok\u0105 niepe\u0142nosprawno\u015bci\u0105 intelektualn\u0105 do Brennej Le\u015bnicy.<\/p>\n\n\n\n<p>Wyjazd odby\u0142 si\u0119 w terminie 1.07-5.07.2024 i wzi\u0119\u0142o w nim udzia\u0142 28 os\u00f3b z niepe\u0142nosprawno\u015bci\u0105 intelektualn\u0105 z DPS dla Dzieci w Strumieniu wraz z opiekunami. W ramach projektu sfinansowana zosta\u0142a us\u0142uga transportowa (przejazd autokarem ze Strumienia do Brennej i z powrotem).<\/p>\n\n\n\n<figure class=\"wp-block-embed is-type-video is-provider-youtube wp-block-embed-youtube wp-embed-aspect-16-9 wp-has-aspect-ratio\"><div class=\"wp-block-embed__wrapper\">\n<iframe loading=\"lazy\" title=\"DPS Strumie\u0144 - Brenna 2024\" width=\"640\" height=\"360\" src=\"https:\/\/www.youtube.com\/embed\/Y-ipsLkITiw?feature=oembed\" frameborder=\"0\" allow=\"accelerometer; autoplay; clipboard-write; encrypted-media; gyroscope; picture-in-picture; web-share\" referrerpolicy=\"strict-origin-when-cross-origin\" allowfullscreen><\/iframe>\n<\/div><\/figure>\n\n\n\n<p>II.2  Pobyt nad morzem &#8211; 10 dni w miejscowo\u015bci Sarbinowo, w o\u015brodku z dost\u0119pem do basenu i strefy rekreacyjnej. Wyjazd odby\u0142 si\u0119 w terminie 28.08-7.09.2024 i wzi\u0119\u0142o w nim udzia\u0142 30 os\u00f3b z niepe\u0142nosprawno\u015bci\u0105 intelektualn\u0105 z DPS dla Dzieci w Strumieniu wraz z opiekunami. W ramach projektu sfinansowana zosta\u0142a us\u0142uga transportowa (przejazd autokarem ze Strumienia do Sarbinowa i z powrotem).<\/p>\n\n\n\n<figure class=\"wp-block-embed is-type-video is-provider-youtube wp-block-embed-youtube wp-embed-aspect-16-9 wp-has-aspect-ratio\"><div class=\"wp-block-embed__wrapper\">\n<iframe loading=\"lazy\" title=\"DPS Strumie\u0144 - Pobyt nad morzem wakacje 2024\" width=\"640\" height=\"360\" src=\"https:\/\/www.youtube.com\/embed\/Xz84l3FPauw?feature=oembed\" frameborder=\"0\" allow=\"accelerometer; autoplay; clipboard-write; encrypted-media; gyroscope; picture-in-picture; web-share\" referrerpolicy=\"strict-origin-when-cross-origin\" allowfullscreen><\/iframe>\n<\/div><\/figure>\n","protected":false},"excerpt":{"rendered":"<p>Nasza Fundacja uzyska\u0142a dofinansowanie Fundacji LOTTO im. Haliny Konopackiej na realizacj\u0119 projektu pn. &#8222;U\u015bmiech losu &#8211; poprawa jako\u015bci \u017cycia os\u00f3b z niepe\u0142nosprawno\u015bci\u0105 intelektualn\u0105 w domu pomocy spo\u0142ecznej&#8221; W ramach projektu&#8230;<\/p>\n","protected":false},"author":1,"featured_media":0,"parent":0,"menu_order":0,"comment_status":"closed","ping_status":"closed","template":"","meta":{"ngg_post_thumbnail":0,"footnotes":""},"class_list":["post-8798","page","type-page","status-publish","hentry"],"_links":{"self":[{"href":"https:\/\/dps-strumien.pl\/index.php\/wp-json\/wp\/v2\/pages\/8798","targetHints":{"allow":["GET"]}}],"collection":[{"href":"https:\/\/dps-strumien.pl\/index.php\/wp-json\/wp\/v2\/pages"}],"about":[{"href":"https:\/\/dps-strumien.pl\/index.php\/wp-json\/wp\/v2\/types\/page"}],"author":[{"embeddable":true,"href":"https:\/\/dps-strumien.pl\/index.php\/wp-json\/wp\/v2\/users\/1"}],"replies":[{"embeddable":true,"href":"https:\/\/dps-strumien.pl\/index.php\/wp-json\/wp\/v2\/comments?post=8798"}],"version-history":[{"count":1,"href":"https:\/\/dps-strumien.pl\/index.php\/wp-json\/wp\/v2\/pages\/8798\/revisions"}],"predecessor-version":[{"id":8801,"href":"https:\/\/dps-strumien.pl\/index.php\/wp-json\/wp\/v2\/pages\/8798\/revisions\/8801"}],"wp:attachment":[{"href":"https:\/\/dps-strumien.pl\/index.php\/wp-json\/wp\/v2\/media?parent=8798"}],"curies":[{"name":"wp","href":"https:\/\/api.w.org\/{rel}","templated":true}]}}