{"id":626,"date":"2021-05-19T10:49:49","date_gmt":"2021-05-19T08:49:49","guid":{"rendered":"http:\/\/dps-strumien.pl\/?page_id=626"},"modified":"2022-06-14T12:51:15","modified_gmt":"2022-06-14T10:51:15","slug":"archiwa","status":"publish","type":"page","link":"https:\/\/dps-strumien.pl\/index.php\/archiwa\/","title":{"rendered":"Multimedia"},"content":{"rendered":"\n<p>Zapraszamy do zapoznania si\u0119 z nasz\u0105 dzia\u0142alno\u015bci\u0105 w zak\u0142adkach galeria, filmy, media o nas. <\/p>\n\n\n\n<p>Link do &#8222;galeria&#8221; : <a href=\"https:\/\/dps-strumien.pl\/index.php\/nasz-dom\/galeria\/\">https:\/\/dps-strumien.pl\/index.php\/nasz-dom\/galeria\/<\/a><\/p>\n\n\n\n<p>Link do &#8222;filmy&#8221;: <a href=\"https:\/\/dps-strumien.pl\/index.php\/filmy\/\">https:\/\/dps-strumien.pl\/index.php\/filmy\/<\/a><\/p>\n\n\n\n<p>Link do &#8222;media o nas&#8221; : <a href=\"https:\/\/dps-strumien.pl\/index.php\/media-o-nas\/\">https:\/\/dps-strumien.pl\/index.php\/media-o-nas\/<\/a><\/p>\n","protected":false},"excerpt":{"rendered":"<p>Zapraszamy do zapoznania si\u0119 z nasz\u0105 dzia\u0142alno\u015bci\u0105 w zak\u0142adkach galeria, filmy, media o nas. Link do &#8222;galeria&#8221; : https:\/\/dps-strumien.pl\/index.php\/nasz-dom\/galeria\/ Link do &#8222;filmy&#8221;: https:\/\/dps-strumien.pl\/index.php\/filmy\/ Link do &#8222;media o nas&#8221; : https:\/\/dps-strumien.pl\/index.php\/media-o-nas\/<\/p>\n","protected":false},"author":1,"featured_media":0,"parent":0,"menu_order":0,"comment_status":"closed","ping_status":"closed","template":"","meta":{"ngg_post_thumbnail":0,"footnotes":""},"class_list":["post-626","page","type-page","status-publish","hentry"],"_links":{"self":[{"href":"https:\/\/dps-strumien.pl\/index.php\/wp-json\/wp\/v2\/pages\/626","targetHints":{"allow":["GET"]}}],"collection":[{"href":"https:\/\/dps-strumien.pl\/index.php\/wp-json\/wp\/v2\/pages"}],"about":[{"href":"https:\/\/dps-strumien.pl\/index.php\/wp-json\/wp\/v2\/types\/page"}],"author":[{"embeddable":true,"href":"https:\/\/dps-strumien.pl\/index.php\/wp-json\/wp\/v2\/users\/1"}],"replies":[{"embeddable":true,"href":"https:\/\/dps-strumien.pl\/index.php\/wp-json\/wp\/v2\/comments?post=626"}],"version-history":[{"count":4,"href":"https:\/\/dps-strumien.pl\/index.php\/wp-json\/wp\/v2\/pages\/626\/revisions"}],"predecessor-version":[{"id":1883,"href":"https:\/\/dps-strumien.pl\/index.php\/wp-json\/wp\/v2\/pages\/626\/revisions\/1883"}],"wp:attachment":[{"href":"https:\/\/dps-strumien.pl\/index.php\/wp-json\/wp\/v2\/media?parent=626"}],"curies":[{"name":"wp","href":"https:\/\/api.w.org\/{rel}","templated":true}]}}