{"id":48,"date":"2021-03-18T12:59:32","date_gmt":"2021-03-18T11:59:32","guid":{"rendered":"http:\/\/dps-strumien.pl\/?page_id=48"},"modified":"2022-06-15T12:27:41","modified_gmt":"2022-06-15T10:27:41","slug":"zdrowie","status":"publish","type":"page","link":"https:\/\/dps-strumien.pl\/index.php\/zdrowie\/","title":{"rendered":"\u2022 zdrowie"},"content":{"rendered":"\n<figure class=\"wp-block-image size-large\"><img loading=\"lazy\" decoding=\"async\" width=\"724\" height=\"1024\" src=\"https:\/\/dps-strumien.pl\/wp-content\/uploads\/2022\/06\/Kopia-Uslugi-Zdrowotne-724x1024.jpg\" alt=\"Grafika przedstawia plakat z nag\u0142\u00f3wkiem \u201ezdrowie\u201d, znajduj\u0105 si\u0119 na nim elementy tekstowe oraz zdj\u0119cia. \nZdj\u0119cie 1: Kobieta w stroju piel\u0119gniarki siedzi przy biurku i zajmuje si\u0119 dokumentacj\u0105. \nZdj\u0119cie 2: przedstawia gabinet zabiegowy. Nowe, szarozielone meble, biurko i fotel. \nTre\u015b\u0107 plakatu: \nDom Pomocy Spo\u0142ecznej dla Dzieci w Strumieniu zapewnia dost\u0119p do opieki medycznej i specjalistycznej w postaci konsultacji lekarza pierwszego kontaktu oraz lekarzy specjalist\u00f3w. Podopiecznym zapewniona jest  opieka piel\u0119gniarska oraz opieka ratownik\u00f3w medycznych, podczas kt\u00f3rej prowadzona jest bie\u017c\u0105ca obserwacja i ocena stanu zdrowia, udzielanie pomocy medycznej w nag\u0142ych wypadkach oraz realizowanie zalece\u0144 lekarzy podstawowej opieki zdrowotnej i lekarzy specjalist\u00f3w.\n\" class=\"wp-image-1925\" srcset=\"https:\/\/dps-strumien.pl\/wp-content\/uploads\/2022\/06\/Kopia-Uslugi-Zdrowotne-724x1024.jpg 724w, https:\/\/dps-strumien.pl\/wp-content\/uploads\/2022\/06\/Kopia-Uslugi-Zdrowotne-212x300.jpg 212w, https:\/\/dps-strumien.pl\/wp-content\/uploads\/2022\/06\/Kopia-Uslugi-Zdrowotne-768x1086.jpg 768w, https:\/\/dps-strumien.pl\/wp-content\/uploads\/2022\/06\/Kopia-Uslugi-Zdrowotne-1086x1536.jpg 1086w, https:\/\/dps-strumien.pl\/wp-content\/uploads\/2022\/06\/Kopia-Uslugi-Zdrowotne.jpg 1414w\" sizes=\"auto, (max-width: 724px) 100vw, 724px\" \/><\/figure>\n\n\n\n<p>Link do &#8222;us\u0142ugi bytowe&#8221; : <a href=\"https:\/\/dps-strumien.pl\/index.php\/uslugi-bytowe\/\">https:\/\/dps-strumien.pl\/index.php\/uslugi-bytowe\/<\/a><\/p>\n\n\n\n<p>Link do &#8222;us\u0142ugi opieku\u0144cze&#8221; : <a href=\"https:\/\/dps-strumien.pl\/index.php\/uslugi-opiekuncze\/\">https:\/\/dps-strumien.pl\/index.php\/uslugi-opiekuncze\/<\/a><\/p>\n\n\n\n<p>Link do &#8222;zdrowie&#8221; : <a href=\"https:\/\/dps-strumien.pl\/index.php\/zdrowie\/\">https:\/\/dps-strumien.pl\/index.php\/zdrowie\/<\/a><\/p>\n\n\n\n<p>Link do &#8222;us\u0142ugi wspomagaj\u0105ce&#8221; : <a href=\"https:\/\/dps-strumien.pl\/index.php\/uslugi-wspomagajace\/\">https:\/\/dps-strumien.pl\/index.php\/uslugi-wspomagajace\/<\/a><\/p>\n\n\n\n<p>Link do &#8222;terapia&#8221; : <a href=\"https:\/\/dps-strumien.pl\/index.php\/terapia\/\">https:\/\/dps-strumien.pl\/index.php\/terapia\/<\/a><\/p>\n\n\n\n<p>Link do &#8222;rehabilitacja&#8221; : <a href=\"https:\/\/dps-strumien.pl\/index.php\/rehabilitacja\/\">https:\/\/dps-strumien.pl\/index.php\/rehabilitacja\/<\/a><\/p>\n\n\n\n<p>Link do &#8222;zaj\u0119cia sportowe-rekreacyjne&#8221; : <a href=\"https:\/\/dps-strumien.pl\/index.php\/zajecia-sportowo-rekreacyjne\/\">https:\/\/dps-strumien.pl\/index.php\/zajecia-sportowo-rekreacyjne\/<\/a><\/p>\n\n\n\n<p>Link do &#8222;praktyki religijne&#8221; : <a href=\"https:\/\/dps-strumien.pl\/index.php\/praktyki-religijne\/\">https:\/\/dps-strumien.pl\/index.php\/praktyki-religijne\/<\/a><\/p>\n\n\n\n<p>Link do &#8222;psycholog&#8221; : <a href=\"https:\/\/dps-strumien.pl\/index.php\/praktyki-religijne\/\">https:\/\/dps-strumien.pl\/index.php\/praktyki-religijne\/<\/a><\/p>\n\n\n\n<p>Link do &#8222;logopeda&#8221; : <a href=\"https:\/\/dps-strumien.pl\/index.php\/uslugi-wspomagajace\/logopeda\/\">https:\/\/dps-strumien.pl\/index.php\/uslugi-wspomagajace\/logopeda\/<\/a><\/p>\n\n\n\n<p>Link do &#8222;praca socjalna&#8221; : <a href=\"https:\/\/dps-strumien.pl\/index.php\/praca-socjalna\/\">https:\/\/dps-strumien.pl\/index.php\/praca-socjalna\/<\/a><\/p>\n\n\n\n<p>Link do &#8222;us\u0142ugi edukacyjne&#8221; : <a href=\"https:\/\/dps-strumien.pl\/index.php\/uslugi-edukacyjne\/\">https:\/\/dps-strumien.pl\/index.php\/uslugi-edukacyjne\/<\/a><\/p>\n\n\n\n<p><\/p>\n","protected":false},"excerpt":{"rendered":"<p>Link do &#8222;us\u0142ugi bytowe&#8221; : https:\/\/dps-strumien.pl\/index.php\/uslugi-bytowe\/ Link do &#8222;us\u0142ugi opieku\u0144cze&#8221; : https:\/\/dps-strumien.pl\/index.php\/uslugi-opiekuncze\/ Link do &#8222;zdrowie&#8221; : https:\/\/dps-strumien.pl\/index.php\/zdrowie\/ Link do &#8222;us\u0142ugi wspomagaj\u0105ce&#8221; : https:\/\/dps-strumien.pl\/index.php\/uslugi-wspomagajace\/ Link do &#8222;terapia&#8221; : https:\/\/dps-strumien.pl\/index.php\/terapia\/ Link do&#8230;<\/p>\n","protected":false},"author":1,"featured_media":0,"parent":0,"menu_order":0,"comment_status":"closed","ping_status":"closed","template":"","meta":{"ngg_post_thumbnail":0,"footnotes":""},"class_list":["post-48","page","type-page","status-publish","hentry"],"_links":{"self":[{"href":"https:\/\/dps-strumien.pl\/index.php\/wp-json\/wp\/v2\/pages\/48","targetHints":{"allow":["GET"]}}],"collection":[{"href":"https:\/\/dps-strumien.pl\/index.php\/wp-json\/wp\/v2\/pages"}],"about":[{"href":"https:\/\/dps-strumien.pl\/index.php\/wp-json\/wp\/v2\/types\/page"}],"author":[{"embeddable":true,"href":"https:\/\/dps-strumien.pl\/index.php\/wp-json\/wp\/v2\/users\/1"}],"replies":[{"embeddable":true,"href":"https:\/\/dps-strumien.pl\/index.php\/wp-json\/wp\/v2\/comments?post=48"}],"version-history":[{"count":8,"href":"https:\/\/dps-strumien.pl\/index.php\/wp-json\/wp\/v2\/pages\/48\/revisions"}],"predecessor-version":[{"id":1926,"href":"https:\/\/dps-strumien.pl\/index.php\/wp-json\/wp\/v2\/pages\/48\/revisions\/1926"}],"wp:attachment":[{"href":"https:\/\/dps-strumien.pl\/index.php\/wp-json\/wp\/v2\/media?parent=48"}],"curies":[{"name":"wp","href":"https:\/\/api.w.org\/{rel}","templated":true}]}}