{"id":47,"date":"2021-03-18T12:59:32","date_gmt":"2021-03-18T11:59:32","guid":{"rendered":"http:\/\/dps-strumien.pl\/?page_id=47"},"modified":"2025-05-28T08:55:23","modified_gmt":"2025-05-28T06:55:23","slug":"uslugi-opiekuncze","status":"publish","type":"page","link":"https:\/\/dps-strumien.pl\/index.php\/uslugi-opiekuncze\/","title":{"rendered":"Us\u0142ugi opieku\u0144cze"},"content":{"rendered":"\n<figure class=\"wp-block-image size-large\"><img loading=\"lazy\" decoding=\"async\" width=\"724\" height=\"1024\" src=\"https:\/\/dps-strumien.pl\/wp-content\/uploads\/2025\/05\/Uslugi-Opiekuncze-724x1024.png\" alt=\"\" class=\"wp-image-10753\" srcset=\"https:\/\/dps-strumien.pl\/wp-content\/uploads\/2025\/05\/Uslugi-Opiekuncze-724x1024.png 724w, https:\/\/dps-strumien.pl\/wp-content\/uploads\/2025\/05\/Uslugi-Opiekuncze-212x300.png 212w, https:\/\/dps-strumien.pl\/wp-content\/uploads\/2025\/05\/Uslugi-Opiekuncze-768x1086.png 768w, https:\/\/dps-strumien.pl\/wp-content\/uploads\/2025\/05\/Uslugi-Opiekuncze-1086x1536.png 1086w, https:\/\/dps-strumien.pl\/wp-content\/uploads\/2025\/05\/Uslugi-Opiekuncze.png 1414w\" sizes=\"auto, (max-width: 724px) 100vw, 724px\" \/><\/figure>\n\n\n\n<p>Chc\u0105c przej\u015b\u0107 do tre\u015bci dotycz\u0105cych pozosta\u0142ych us\u0142ug skorzystaj z paska menu lub poni\u017cszych link\u00f3w. <\/p>\n\n\n\n<p>Link do &#8222;us\u0142ugi bytowe&#8221; : <a href=\"https:\/\/dps-strumien.pl\/index.php\/uslugi-bytowe\/\">https:\/\/dps-strumien.pl\/index.php\/uslugi-bytowe\/<\/a><\/p>\n\n\n\n<p>Link do &#8222;us\u0142ugi opieku\u0144cze&#8221; : <a href=\"https:\/\/dps-strumien.pl\/index.php\/uslugi-opiekuncze\/\">https:\/\/dps-strumien.pl\/index.php\/uslugi-opiekuncze\/<\/a><\/p>\n\n\n\n<p>Link do &#8222;zdrowie&#8221; : <a href=\"https:\/\/dps-strumien.pl\/index.php\/zdrowie\/\">https:\/\/dps-strumien.pl\/index.php\/zdrowie\/<\/a><\/p>\n\n\n\n<p>Link do &#8222;us\u0142ugi wspomagaj\u0105ce&#8221; : <a href=\"https:\/\/dps-strumien.pl\/index.php\/uslugi-wspomagajace\/\">https:\/\/dps-strumien.pl\/index.php\/uslugi-wspomagajace\/<\/a><\/p>\n\n\n\n<p>Link do &#8222;terapia&#8221; : <a href=\"https:\/\/dps-strumien.pl\/index.php\/terapia\/\">https:\/\/dps-strumien.pl\/index.php\/terapia\/<\/a><\/p>\n\n\n\n<p>Link do &#8222;rehabilitacja&#8221; : <a href=\"https:\/\/dps-strumien.pl\/index.php\/rehabilitacja\/\">https:\/\/dps-strumien.pl\/index.php\/rehabilitacja\/<\/a><\/p>\n\n\n\n<p>Link do &#8222;zaj\u0119cia sportowe-rekreacyjne&#8221; : <a href=\"https:\/\/dps-strumien.pl\/index.php\/zajecia-sportowo-rekreacyjne\/\">https:\/\/dps-strumien.pl\/index.php\/zajecia-sportowo-rekreacyjne\/<\/a><\/p>\n\n\n\n<p>Link do &#8222;praktyki religijne&#8221; : <a href=\"https:\/\/dps-strumien.pl\/index.php\/praktyki-religijne\/\">https:\/\/dps-strumien.pl\/index.php\/praktyki-religijne\/<\/a><\/p>\n\n\n\n<p>Link do &#8222;psycholog&#8221; : <a href=\"https:\/\/dps-strumien.pl\/index.php\/praktyki-religijne\/\">https:\/\/dps-strumien.pl\/index.php\/praktyki-religijne\/<\/a><\/p>\n\n\n\n<p>Link do &#8222;logopeda&#8221; : <a href=\"https:\/\/dps-strumien.pl\/index.php\/uslugi-wspomagajace\/logopeda\/\">https:\/\/dps-strumien.pl\/index.php\/uslugi-wspomagajace\/logopeda\/<\/a><\/p>\n\n\n\n<p>Link do &#8222;praca socjalna&#8221; : <a href=\"https:\/\/dps-strumien.pl\/index.php\/praca-socjalna\/\">https:\/\/dps-strumien.pl\/index.php\/praca-socjalna\/<\/a><\/p>\n\n\n\n<p>Link do &#8222;us\u0142ugi edukacyjne&#8221; : <a href=\"https:\/\/dps-strumien.pl\/index.php\/uslugi-edukacyjne\/\">https:\/\/dps-strumien.pl\/index.php\/uslugi-edukacyjne\/<\/a><\/p>\n\n\n\n<p><\/p>\n","protected":false},"excerpt":{"rendered":"<p>Chc\u0105c przej\u015b\u0107 do tre\u015bci dotycz\u0105cych pozosta\u0142ych us\u0142ug skorzystaj z paska menu lub poni\u017cszych link\u00f3w. Link do &#8222;us\u0142ugi bytowe&#8221; : https:\/\/dps-strumien.pl\/index.php\/uslugi-bytowe\/ Link do &#8222;us\u0142ugi opieku\u0144cze&#8221; : https:\/\/dps-strumien.pl\/index.php\/uslugi-opiekuncze\/ Link do &#8222;zdrowie&#8221; :&#8230;<\/p>\n","protected":false},"author":1,"featured_media":0,"parent":0,"menu_order":0,"comment_status":"closed","ping_status":"closed","template":"","meta":{"ngg_post_thumbnail":0,"footnotes":""},"class_list":["post-47","page","type-page","status-publish","hentry"],"_links":{"self":[{"href":"https:\/\/dps-strumien.pl\/index.php\/wp-json\/wp\/v2\/pages\/47","targetHints":{"allow":["GET"]}}],"collection":[{"href":"https:\/\/dps-strumien.pl\/index.php\/wp-json\/wp\/v2\/pages"}],"about":[{"href":"https:\/\/dps-strumien.pl\/index.php\/wp-json\/wp\/v2\/types\/page"}],"author":[{"embeddable":true,"href":"https:\/\/dps-strumien.pl\/index.php\/wp-json\/wp\/v2\/users\/1"}],"replies":[{"embeddable":true,"href":"https:\/\/dps-strumien.pl\/index.php\/wp-json\/wp\/v2\/comments?post=47"}],"version-history":[{"count":7,"href":"https:\/\/dps-strumien.pl\/index.php\/wp-json\/wp\/v2\/pages\/47\/revisions"}],"predecessor-version":[{"id":10754,"href":"https:\/\/dps-strumien.pl\/index.php\/wp-json\/wp\/v2\/pages\/47\/revisions\/10754"}],"wp:attachment":[{"href":"https:\/\/dps-strumien.pl\/index.php\/wp-json\/wp\/v2\/media?parent=47"}],"curies":[{"name":"wp","href":"https:\/\/api.w.org\/{rel}","templated":true}]}}