{"id":39,"date":"2021-03-18T12:55:33","date_gmt":"2021-03-18T11:55:33","guid":{"rendered":"http:\/\/dps-strumien.pl\/?page_id=39"},"modified":"2025-06-06T19:07:24","modified_gmt":"2025-06-06T17:07:24","slug":"nasz-dom","status":"publish","type":"page","link":"https:\/\/dps-strumien.pl\/index.php\/nasz-dom\/","title":{"rendered":"Nasz Dom"},"content":{"rendered":"\n<figure class=\"wp-block-embed is-type-video is-provider-youtube wp-block-embed-youtube wp-embed-aspect-16-9 wp-has-aspect-ratio\"><div class=\"wp-block-embed__wrapper\">\n<iframe loading=\"lazy\" title=\"DPS dla Dzieci w Strumieniu - O NAS\" width=\"640\" height=\"360\" src=\"https:\/\/www.youtube.com\/embed\/vEA6XxbCVYU?feature=oembed\" frameborder=\"0\" allow=\"accelerometer; autoplay; clipboard-write; encrypted-media; gyroscope; picture-in-picture; web-share\" referrerpolicy=\"strict-origin-when-cross-origin\" allowfullscreen><\/iframe>\n<\/div><\/figure>\n\n\n\n<figure class=\"wp-block-image size-large\"><img loading=\"lazy\" decoding=\"async\" width=\"724\" height=\"1024\" src=\"https:\/\/dps-strumien.pl\/wp-content\/uploads\/2022\/06\/nasz-dom1-724x1024.png\" alt=\"Grafika przedstawia plakat o tytule \u201enasz dom\u201d \nTre\u015b\u0107 plakatu: Dom Pomocy Spo\u0142ecznej dla Dzieci w Strumieniu za\u0142o\u017cony zosta\u0142 2 maja 1955 r. Jego za\u0142o\u017cycielem oraz organem prowadz\u0105cym jest Zgromadzenie Si\u00f3str Szkolnych de Notre Dame Prowincja Polska z siedzib\u0105 w Opolu.\nDPS w Strumieniu to plac\u00f3wka pobytu ca\u0142odobowego dla 73 ch\u0142opc\u00f3w z niepe\u0142nosprawno\u015bci\u0105 intelektualn\u0105 wraz z ro\u017cnego rodzaju sprz\u0119\u017ceniami. Dom przeznaczony jest dla dzieci i m\u0142odzie\u017cy do 30 roku \u017cycia. W wyj\u0105tkowych sytuacjach, takich jak ma\u0142a zdolno\u015b\u0107 adaptacji do nowego otoczenia, dopuszcza si\u0119 pobyt os\u00f3b, kt\u00f3re uko\u0144czy\u0142y 30 rok \u017cycia.\nDom Pomocy Spo\u0142ecznej dla Dzieci w Strumieniu prowadzony przez Zgromadzenie Si\u00f3str Szkolnych de Notre Dame po\u0142o\u017cony jest na terenie wojew\u00f3dztwa \u015bl\u0105skiego, w powiecie cieszy\u0144skim, w gminie Strumie\u0144. Ma zasi\u0119g ponadlokalny i s\u0142u\u017cy dzieciom wymagaj\u0105cym opieki,  edukacji i rehabilitacji. \n\n\" class=\"wp-image-1872\" srcset=\"https:\/\/dps-strumien.pl\/wp-content\/uploads\/2022\/06\/nasz-dom1-724x1024.png 724w, https:\/\/dps-strumien.pl\/wp-content\/uploads\/2022\/06\/nasz-dom1-212x300.png 212w, https:\/\/dps-strumien.pl\/wp-content\/uploads\/2022\/06\/nasz-dom1-768x1086.png 768w, https:\/\/dps-strumien.pl\/wp-content\/uploads\/2022\/06\/nasz-dom1-1086x1536.png 1086w, https:\/\/dps-strumien.pl\/wp-content\/uploads\/2022\/06\/nasz-dom1.png 1414w\" sizes=\"auto, (max-width: 724px) 100vw, 724px\" \/><\/figure>\n\n\n\n<p class=\"has-text-align-center\">Dzia\u0142alno\u015b\u0107 Domu mo\u017cna wesprze\u0107 za po\u015brednictwem Fundacji \u201eZosta\u0144 Anio\u0142em\u201d<br>W tytule przelewu wpisuj\u0105c:<br>\u201eDarowizna na cele statutowe\u201d<br>Nazwa Banku<br>ING Bank \u015al\u0105ski Odzia\u0142 Cieszyn<br>Numer Konta<br>76 1050 1070 1000 0090 8088 6253<\/p>\n\n\n\n\n\n<figure class=\"wp-block-image size-large\"><img loading=\"lazy\" decoding=\"async\" width=\"1024\" height=\"236\" src=\"http:\/\/dps-strumien.pl\/wp-content\/uploads\/2021\/04\/1-4-1024x236.jpg\" alt=\"Zdj\u0119cie panoramiczne przedstawiaj\u0105ce widok ogrodu i sadu. Za zielonym trawnikiem, krzewami i drzewami wida\u0107 budynek dpsu. Lewe skrzyd\u0142o budynku ma dwa pi\u0119tra, a prawe skrzyd\u0142o cztery pi\u0119tra. \" class=\"wp-image-557\" srcset=\"https:\/\/dps-strumien.pl\/wp-content\/uploads\/2021\/04\/1-4-1024x236.jpg 1024w, https:\/\/dps-strumien.pl\/wp-content\/uploads\/2021\/04\/1-4-300x69.jpg 300w, https:\/\/dps-strumien.pl\/wp-content\/uploads\/2021\/04\/1-4-768x177.jpg 768w, https:\/\/dps-strumien.pl\/wp-content\/uploads\/2021\/04\/1-4-1536x354.jpg 1536w, https:\/\/dps-strumien.pl\/wp-content\/uploads\/2021\/04\/1-4-2048x472.jpg 2048w\" sizes=\"auto, (max-width: 1024px) 100vw, 1024px\" \/><\/figure>\n\n\n\n<p><\/p>\n\n\n\n<figure class=\"wp-block-image size-large\"><img loading=\"lazy\" decoding=\"async\" width=\"1024\" height=\"768\" src=\"http:\/\/dps-strumien.pl\/wp-content\/uploads\/2021\/04\/2-5-1024x768.jpg\" alt=\"Zdj\u0119cie przedstawia budynek dpsu od strony ogrodu. Przed budynkiem widoczny jest skalniak oraz znajduj\u0105cy si\u0119 na nim ma\u0142y drewniany m\u0142yn. Na zdj\u0119ciu znajduj\u0105 si\u0119 r\u00f3wnie\u017c drzewa, krzewy oraz \u0142awka. \" class=\"wp-image-559\" srcset=\"https:\/\/dps-strumien.pl\/wp-content\/uploads\/2021\/04\/2-5-1024x768.jpg 1024w, https:\/\/dps-strumien.pl\/wp-content\/uploads\/2021\/04\/2-5-300x225.jpg 300w, https:\/\/dps-strumien.pl\/wp-content\/uploads\/2021\/04\/2-5-768x576.jpg 768w, https:\/\/dps-strumien.pl\/wp-content\/uploads\/2021\/04\/2-5-1536x1152.jpg 1536w, https:\/\/dps-strumien.pl\/wp-content\/uploads\/2021\/04\/2-5-2048x1536.jpg 2048w\" sizes=\"auto, (max-width: 1024px) 100vw, 1024px\" \/><\/figure>\n\n\n\n<p><\/p>\n\n\n\n<figure class=\"wp-block-image size-large\"><img loading=\"lazy\" decoding=\"async\" width=\"1024\" height=\"262\" src=\"http:\/\/dps-strumien.pl\/wp-content\/uploads\/2021\/04\/Bytowe-1-4-1024x262.jpg\" alt=\"Zdj\u0119cie panoramiczne przedstawiaj\u0105ce wn\u0119trze kuchenki terapeutycznej. Na zdj\u0119ciu mo\u017cna zobaczy\u0107 \u015bciany w kolorze \u017c\u00f3\u0142tym, be\u017cowe szafki, mikrofal\u00f3wk\u0119, lod\u00f3wk\u0119, p\u00f3\u0142k\u0119 z ksi\u0105\u017ckami kucharskimi, piec z piekarnikiem, d\u0142ugi st\u00f3\u0142 i krzes\u0142a oraz wisz\u0105ce na \u015bcianach zdj\u0119cia z zaj\u0119\u0107 kulinarnych. Ca\u0142o\u015bci dope\u0142niaj\u0105 kwiaty doniczkowe ustawione na dw\u00f3ch oknach oraz kolorowe zas\u0142onki. \" class=\"wp-image-560\" srcset=\"https:\/\/dps-strumien.pl\/wp-content\/uploads\/2021\/04\/Bytowe-1-4-1024x262.jpg 1024w, https:\/\/dps-strumien.pl\/wp-content\/uploads\/2021\/04\/Bytowe-1-4-300x77.jpg 300w, https:\/\/dps-strumien.pl\/wp-content\/uploads\/2021\/04\/Bytowe-1-4-768x196.jpg 768w, https:\/\/dps-strumien.pl\/wp-content\/uploads\/2021\/04\/Bytowe-1-4-1536x393.jpg 1536w, https:\/\/dps-strumien.pl\/wp-content\/uploads\/2021\/04\/Bytowe-1-4-2048x524.jpg 2048w\" sizes=\"auto, (max-width: 1024px) 100vw, 1024px\" \/><\/figure>\n\n\n\n<p><\/p>\n\n\n\n<figure class=\"wp-block-image size-large\"><img loading=\"lazy\" decoding=\"async\" width=\"1024\" height=\"768\" src=\"http:\/\/dps-strumien.pl\/wp-content\/uploads\/2021\/04\/Bytowe-4-4-1024x768.jpg\" alt=\"Zdj\u0119cie przedstawia wn\u0119k\u0119 przy windzie udekorowan\u0105 r\u0119kodzie\u0142em. Znajduje si\u0119 tam m.i.n odmalowane na bia\u0142o stare krzes\u0142o, wisz\u0105ce dekoracje (ramki, serca, kwiaty), stoj\u0105ce na szafce prace (domki z kartonu, makiety) oraz donica z fragmentem brzozy udekorowana budk\u0105 dla ptak\u00f3w i sztucznymi kwiatami\" class=\"wp-image-561\" srcset=\"https:\/\/dps-strumien.pl\/wp-content\/uploads\/2021\/04\/Bytowe-4-4-1024x768.jpg 1024w, https:\/\/dps-strumien.pl\/wp-content\/uploads\/2021\/04\/Bytowe-4-4-300x225.jpg 300w, https:\/\/dps-strumien.pl\/wp-content\/uploads\/2021\/04\/Bytowe-4-4-768x576.jpg 768w, https:\/\/dps-strumien.pl\/wp-content\/uploads\/2021\/04\/Bytowe-4-4-1536x1152.jpg 1536w, https:\/\/dps-strumien.pl\/wp-content\/uploads\/2021\/04\/Bytowe-4-4-2048x1536.jpg 2048w\" sizes=\"auto, (max-width: 1024px) 100vw, 1024px\" \/><\/figure>\n\n\n\n<p><\/p>\n\n\n\n<p><\/p>\n\n\n\n<figure class=\"wp-block-image size-large\"><img loading=\"lazy\" decoding=\"async\" width=\"1024\" height=\"768\" src=\"http:\/\/dps-strumien.pl\/wp-content\/uploads\/2021\/04\/Bytowe-5-5-1024x768.jpg\" alt=\"zdj\u0119cie przedstawia boisko do gry w pi\u0142k\u0119 no\u017cn\u0105. Opr\u00f3cz dw\u00f3ch bramek wida\u0107 r\u00f3wnie\u017c kosz, si\u0142owni\u0119, trampolin\u0119 oraz trzy hu\u015btawki ogrodowe\" class=\"wp-image-562\" srcset=\"https:\/\/dps-strumien.pl\/wp-content\/uploads\/2021\/04\/Bytowe-5-5-1024x768.jpg 1024w, https:\/\/dps-strumien.pl\/wp-content\/uploads\/2021\/04\/Bytowe-5-5-300x225.jpg 300w, https:\/\/dps-strumien.pl\/wp-content\/uploads\/2021\/04\/Bytowe-5-5-768x576.jpg 768w, https:\/\/dps-strumien.pl\/wp-content\/uploads\/2021\/04\/Bytowe-5-5-1536x1152.jpg 1536w, https:\/\/dps-strumien.pl\/wp-content\/uploads\/2021\/04\/Bytowe-5-5-2048x1536.jpg 2048w\" sizes=\"auto, (max-width: 1024px) 100vw, 1024px\" \/><\/figure>\n\n\n\n<p><\/p>\n\n\n\n<p><\/p>\n\n\n\n<figure class=\"wp-block-image size-large is-resized\"><img loading=\"lazy\" decoding=\"async\" width=\"1024\" height=\"768\" src=\"http:\/\/dps-strumien.pl\/wp-content\/uploads\/2021\/04\/Bytowe-8-5-1024x768.jpg\" alt=\"zdj\u0119cie przedstawia fragment ogrodu z trampolin\u0105, hu\u015btawkami ogrodowymi oraz hu\u015btawkami dla dzieci. \" class=\"wp-image-563\" style=\"width:839px;height:629px\" srcset=\"https:\/\/dps-strumien.pl\/wp-content\/uploads\/2021\/04\/Bytowe-8-5-1024x768.jpg 1024w, https:\/\/dps-strumien.pl\/wp-content\/uploads\/2021\/04\/Bytowe-8-5-300x225.jpg 300w, https:\/\/dps-strumien.pl\/wp-content\/uploads\/2021\/04\/Bytowe-8-5-768x576.jpg 768w, https:\/\/dps-strumien.pl\/wp-content\/uploads\/2021\/04\/Bytowe-8-5-1536x1152.jpg 1536w, https:\/\/dps-strumien.pl\/wp-content\/uploads\/2021\/04\/Bytowe-8-5-2048x1536.jpg 2048w\" sizes=\"auto, (max-width: 1024px) 100vw, 1024px\" \/><\/figure>\n\n\n\n<p><\/p>\n\n\n\n<p><\/p>\n\n\n\n<figure class=\"wp-block-image size-large\"><img loading=\"lazy\" decoding=\"async\" width=\"1024\" height=\"768\" src=\"http:\/\/dps-strumien.pl\/wp-content\/uploads\/2021\/04\/Bytowe-2-3-1024x768.jpg\" alt=\"zdj\u0119cie przedstawia fragment ogrodu, w kt\u00f3rym znajduje si\u0119 drewniana altanka oraz plac zabaw (zje\u017cd\u017calnia, drabinki, hu\u015btawki, trampoliny, domek zabaw, \u0142aweczki) \" class=\"wp-image-564\" srcset=\"https:\/\/dps-strumien.pl\/wp-content\/uploads\/2021\/04\/Bytowe-2-3-1024x768.jpg 1024w, https:\/\/dps-strumien.pl\/wp-content\/uploads\/2021\/04\/Bytowe-2-3-300x225.jpg 300w, https:\/\/dps-strumien.pl\/wp-content\/uploads\/2021\/04\/Bytowe-2-3-768x576.jpg 768w, https:\/\/dps-strumien.pl\/wp-content\/uploads\/2021\/04\/Bytowe-2-3-1536x1152.jpg 1536w, https:\/\/dps-strumien.pl\/wp-content\/uploads\/2021\/04\/Bytowe-2-3-2048x1536.jpg 2048w\" sizes=\"auto, (max-width: 1024px) 100vw, 1024px\" \/><\/figure>\n\n\n\n<p><\/p>\n\n\n\n<figure class=\"wp-block-image size-large\"><img loading=\"lazy\" decoding=\"async\" width=\"1024\" height=\"768\" src=\"http:\/\/dps-strumien.pl\/wp-content\/uploads\/2021\/04\/Bytowe-3-3-1024x768.jpg\" alt=\"Zdj\u0119cie przedstawia plac zabaw. \" class=\"wp-image-565\" srcset=\"https:\/\/dps-strumien.pl\/wp-content\/uploads\/2021\/04\/Bytowe-3-3-1024x768.jpg 1024w, https:\/\/dps-strumien.pl\/wp-content\/uploads\/2021\/04\/Bytowe-3-3-300x225.jpg 300w, https:\/\/dps-strumien.pl\/wp-content\/uploads\/2021\/04\/Bytowe-3-3-768x576.jpg 768w, https:\/\/dps-strumien.pl\/wp-content\/uploads\/2021\/04\/Bytowe-3-3-1536x1152.jpg 1536w, https:\/\/dps-strumien.pl\/wp-content\/uploads\/2021\/04\/Bytowe-3-3-2048x1536.jpg 2048w\" sizes=\"auto, (max-width: 1024px) 100vw, 1024px\" \/><\/figure>\n\n\n\n<p><\/p>\n\n\n\n<figure class=\"wp-block-gallery has-nested-images columns-default is-cropped wp-block-gallery-1 is-layout-flex wp-block-gallery-is-layout-flex\">\n<figure class=\"wp-block-image size-large\"><img loading=\"lazy\" decoding=\"async\" width=\"1024\" height=\"768\" data-id=\"566\" src=\"http:\/\/dps-strumien.pl\/wp-content\/uploads\/2021\/04\/Bytowe-9-5-1024x768.jpg\" alt=\"Zdj\u0119cie przedstawia fragment ogrodu z karmnikiem dla ptak\u00f3w na pierwszym planie. \" class=\"wp-image-566\" srcset=\"https:\/\/dps-strumien.pl\/wp-content\/uploads\/2021\/04\/Bytowe-9-5-1024x768.jpg 1024w, https:\/\/dps-strumien.pl\/wp-content\/uploads\/2021\/04\/Bytowe-9-5-300x225.jpg 300w, https:\/\/dps-strumien.pl\/wp-content\/uploads\/2021\/04\/Bytowe-9-5-768x576.jpg 768w, https:\/\/dps-strumien.pl\/wp-content\/uploads\/2021\/04\/Bytowe-9-5-1536x1152.jpg 1536w, https:\/\/dps-strumien.pl\/wp-content\/uploads\/2021\/04\/Bytowe-9-5-2048x1536.jpg 2048w\" sizes=\"auto, (max-width: 1024px) 100vw, 1024px\" \/><\/figure>\n<\/figure>\n","protected":false},"excerpt":{"rendered":"<p>Dzia\u0142alno\u015b\u0107 Domu mo\u017cna wesprze\u0107 za po\u015brednictwem Fundacji \u201eZosta\u0144 Anio\u0142em\u201dW tytule przelewu wpisuj\u0105c:\u201eDarowizna na cele statutowe\u201dNazwa BankuING Bank \u015al\u0105ski Odzia\u0142 CieszynNumer Konta76 1050 1070 1000 0090 8088 6253<\/p>\n","protected":false},"author":1,"featured_media":0,"parent":0,"menu_order":0,"comment_status":"closed","ping_status":"closed","template":"","meta":{"ngg_post_thumbnail":0,"footnotes":""},"class_list":["post-39","page","type-page","status-publish","hentry"],"_links":{"self":[{"href":"https:\/\/dps-strumien.pl\/index.php\/wp-json\/wp\/v2\/pages\/39","targetHints":{"allow":["GET"]}}],"collection":[{"href":"https:\/\/dps-strumien.pl\/index.php\/wp-json\/wp\/v2\/pages"}],"about":[{"href":"https:\/\/dps-strumien.pl\/index.php\/wp-json\/wp\/v2\/types\/page"}],"author":[{"embeddable":true,"href":"https:\/\/dps-strumien.pl\/index.php\/wp-json\/wp\/v2\/users\/1"}],"replies":[{"embeddable":true,"href":"https:\/\/dps-strumien.pl\/index.php\/wp-json\/wp\/v2\/comments?post=39"}],"version-history":[{"count":23,"href":"https:\/\/dps-strumien.pl\/index.php\/wp-json\/wp\/v2\/pages\/39\/revisions"}],"predecessor-version":[{"id":11127,"href":"https:\/\/dps-strumien.pl\/index.php\/wp-json\/wp\/v2\/pages\/39\/revisions\/11127"}],"wp:attachment":[{"href":"https:\/\/dps-strumien.pl\/index.php\/wp-json\/wp\/v2\/media?parent=39"}],"curies":[{"name":"wp","href":"https:\/\/api.w.org\/{rel}","templated":true}]}}