{"id":3766,"date":"2023-05-18T13:28:25","date_gmt":"2023-05-18T11:28:25","guid":{"rendered":"https:\/\/dps-strumien.pl\/?page_id=3766"},"modified":"2023-05-30T15:00:54","modified_gmt":"2023-05-30T13:00:54","slug":"fundacja-zostan-aniolem-aktywni","status":"publish","type":"page","link":"https:\/\/dps-strumien.pl\/index.php\/fundacja-zostan-aniolem-aktywni\/","title":{"rendered":"Fundacja &#8222;Zosta\u0144 Anio\u0142em&#8221; &#8211; Aktywni+"},"content":{"rendered":"\n<p><strong>Projekt &#8222;Klub Seniora &#8211; Eliksir M\u0142odo\u015bci&#8221; <\/strong><\/p>\n\n\n\n<figure class=\"wp-block-gallery has-nested-images columns-default is-cropped wp-block-gallery-1 is-layout-flex wp-block-gallery-is-layout-flex\">\n<figure class=\"wp-block-image size-large\"><img loading=\"lazy\" decoding=\"async\" width=\"1024\" height=\"173\" data-id=\"3769\" src=\"https:\/\/dps-strumien.pl\/wp-content\/uploads\/2023\/05\/logotypy-Aktywni-1024x173.png\" alt=\"\" class=\"wp-image-3769\" srcset=\"https:\/\/dps-strumien.pl\/wp-content\/uploads\/2023\/05\/logotypy-Aktywni-1024x173.png 1024w, https:\/\/dps-strumien.pl\/wp-content\/uploads\/2023\/05\/logotypy-Aktywni-300x51.png 300w, https:\/\/dps-strumien.pl\/wp-content\/uploads\/2023\/05\/logotypy-Aktywni-768x130.png 768w, https:\/\/dps-strumien.pl\/wp-content\/uploads\/2023\/05\/logotypy-Aktywni.png 1128w\" sizes=\"auto, (max-width: 1024px) 100vw, 1024px\" \/><\/figure>\n<\/figure>\n\n\n\n<p>Projekt dofinansowany ze \u015brodk\u00f3w rz\u0105dowego programu wieloletniego na rzecz Os\u00f3b Starszych \u201eAktywni+\u201d na lata 2021\u20132025, edycja 2023 <\/p>\n\n\n\n<p><\/p>\n\n\n\n<p><\/p>\n\n\n\n<div data-wp-interactive=\"core\/file\" class=\"wp-block-file\"><object data-wp-bind--hidden=\"!state.hasPdfPreview\" hidden class=\"wp-block-file__embed\" data=\"https:\/\/dps-strumien.pl\/wp-content\/uploads\/2023\/05\/Regulamin.pdf\" type=\"application\/pdf\" style=\"width:100%;height:600px\" aria-label=\"Osadzone z Regulamin.\"><\/object><a id=\"wp-block-file--media-b9e33d4f-5951-4e8d-9d2e-53b8562fd6f7\" href=\"https:\/\/dps-strumien.pl\/wp-content\/uploads\/2023\/05\/Regulamin.pdf\">Regulamin<\/a><a href=\"https:\/\/dps-strumien.pl\/wp-content\/uploads\/2023\/05\/Regulamin.pdf\" class=\"wp-block-file__button wp-element-button\" download aria-describedby=\"wp-block-file--media-b9e33d4f-5951-4e8d-9d2e-53b8562fd6f7\">Pobierz<\/a><\/div>\n","protected":false},"excerpt":{"rendered":"<p>Projekt &#8222;Klub Seniora &#8211; Eliksir M\u0142odo\u015bci&#8221; Projekt dofinansowany ze \u015brodk\u00f3w rz\u0105dowego programu wieloletniego na rzecz Os\u00f3b Starszych \u201eAktywni+\u201d na lata 2021\u20132025, edycja 2023<\/p>\n","protected":false},"author":1,"featured_media":0,"parent":0,"menu_order":0,"comment_status":"closed","ping_status":"closed","template":"","meta":{"ngg_post_thumbnail":0,"footnotes":""},"class_list":["post-3766","page","type-page","status-publish","hentry"],"_links":{"self":[{"href":"https:\/\/dps-strumien.pl\/index.php\/wp-json\/wp\/v2\/pages\/3766","targetHints":{"allow":["GET"]}}],"collection":[{"href":"https:\/\/dps-strumien.pl\/index.php\/wp-json\/wp\/v2\/pages"}],"about":[{"href":"https:\/\/dps-strumien.pl\/index.php\/wp-json\/wp\/v2\/types\/page"}],"author":[{"embeddable":true,"href":"https:\/\/dps-strumien.pl\/index.php\/wp-json\/wp\/v2\/users\/1"}],"replies":[{"embeddable":true,"href":"https:\/\/dps-strumien.pl\/index.php\/wp-json\/wp\/v2\/comments?post=3766"}],"version-history":[{"count":4,"href":"https:\/\/dps-strumien.pl\/index.php\/wp-json\/wp\/v2\/pages\/3766\/revisions"}],"predecessor-version":[{"id":3775,"href":"https:\/\/dps-strumien.pl\/index.php\/wp-json\/wp\/v2\/pages\/3766\/revisions\/3775"}],"wp:attachment":[{"href":"https:\/\/dps-strumien.pl\/index.php\/wp-json\/wp\/v2\/media?parent=3766"}],"curies":[{"name":"wp","href":"https:\/\/api.w.org\/{rel}","templated":true}]}}