{"id":23,"date":"2021-03-18T12:47:18","date_gmt":"2021-03-18T11:47:18","guid":{"rendered":"http:\/\/dps-strumien.pl\/?page_id=23"},"modified":"2025-06-06T11:33:25","modified_gmt":"2025-06-06T09:33:25","slug":"1-2","status":"publish","type":"page","link":"https:\/\/dps-strumien.pl\/index.php\/1-2\/","title":{"rendered":"WSPARCIE I 1,5 %"},"content":{"rendered":"\n<p><strong>Chcesz nas wesprze\u0107? Mo\u017cesz to zrobi\u0107 na wiele sposob\u00f3w<\/strong> <\/p>\n\n\n\n<p class=\"has-text-align-center\"><strong>PRO\u015aBA O 1,5 % DAROWIZNY<\/strong><\/p>\n\n\n\n<p>Szanowni Pa\u0144stwo, Drodzy Przyjaciele Naszego Domu<br>Zach\u0119camy do skorzystania z mo\u017cliwo\u015bci przekazania dla naszych ch\u0142opak\u00f3w 1,5% od podatku, kt\u00f3r\u0105 mamy dzi\u0119ki dzia\u0142aj\u0105cej przy naszym Domu Fundacji &#8222;Zosta\u0144 Anio\u0142em&#8221;. <\/p>\n\n\n\n<p>Wystarczy w formularzu PIT wpisa\u0107 <\/p>\n\n\n\n<p><strong>nr KRS 0000835833 <\/strong><\/p>\n\n\n\n<p>by do\u0142o\u017cy\u0107 swoj\u0105 cegie\u0142k\u0119 do wsparcia dzieci, ich rozwoju i codziennych potrzeb.<\/p>\n\n\n\n<p><\/p>\n\n\n\n<p class=\"has-text-align-center\"><strong>WSPARCIE FINANSOWE <\/strong><\/p>\n\n\n\n<p>Nasz\u0105 dzia\u0142alno\u015b\u0107 mo\u017cna r\u00f3wnie\u017c wesprze\u0107 finansowo <\/p>\n\n\n\n<p>Fundacja \u201cZosta\u0144 Anio\u0142em\u201d ul. 1 Maja 12, 43-246 Strumie\u0144, <\/p>\n\n\n\n<p><strong>Nr konta bankowego: 76 1050 1070 1000 0090 8088 6253<\/strong><\/p>\n\n\n\n<p> tytu\u0142: Darowizna na cele statutowe<\/p>\n\n\n\n<p>Gwarantujemy, \u017ce ka\u017cda przekazana z\u0142ot\u00f3wka b\u0119dzie spo\u017cytkowana na potrzeby naszych kochanych domownik\u00f3w.<\/p>\n\n\n\n<p><\/p>\n\n\n\n<p><\/p>\n\n\n\n<p>Chcesz nas wesprze\u0107 <strong>darowizn\u0105<\/strong> <strong>rzeczow\u0105 lub w inny spos\u00f3b<\/strong>? Skontaktuj si\u0119 z nami sekretariat@dps-strumien.pl <\/p>\n\n\n\n<p>tel. 33 857 02 50 tel. 515-149-731<\/p>\n\n\n\n<p><\/p>\n\n\n\n<p><\/p>\n\n\n\n<figure class=\"wp-block-video\"><video height=\"3178\" style=\"aspect-ratio: 2244 \/ 3178;\" width=\"2244\" autoplay controls loop src=\"https:\/\/dps-strumien.pl\/wp-content\/uploads\/2024\/01\/Kopia-\u2013-plakaty-15-1.mp4\"><\/video><\/figure>\n\n\n\n<figure class=\"wp-block-embed is-type-video is-provider-youtube wp-block-embed-youtube wp-embed-aspect-4-3 wp-has-aspect-ratio\"><div class=\"wp-block-embed__wrapper\">\n<iframe loading=\"lazy\" title=\"1,5% Fundacja Zosta\u0144 Anio\u0142em\" width=\"640\" height=\"480\" src=\"https:\/\/www.youtube.com\/embed\/i7VIcBrJ07U?feature=oembed\" frameborder=\"0\" allow=\"accelerometer; autoplay; clipboard-write; encrypted-media; gyroscope; picture-in-picture; web-share\" referrerpolicy=\"strict-origin-when-cross-origin\" allowfullscreen><\/iframe>\n<\/div><\/figure>\n","protected":false},"excerpt":{"rendered":"<p>Chcesz nas wesprze\u0107? Mo\u017cesz to zrobi\u0107 na wiele sposob\u00f3w PRO\u015aBA O 1,5 % DAROWIZNY Szanowni Pa\u0144stwo, Drodzy Przyjaciele Naszego DomuZach\u0119camy do skorzystania z mo\u017cliwo\u015bci przekazania dla naszych ch\u0142opak\u00f3w 1,5% od&#8230;<\/p>\n","protected":false},"author":1,"featured_media":0,"parent":0,"menu_order":0,"comment_status":"closed","ping_status":"closed","template":"","meta":{"ngg_post_thumbnail":0,"footnotes":""},"class_list":["post-23","page","type-page","status-publish","hentry"],"_links":{"self":[{"href":"https:\/\/dps-strumien.pl\/index.php\/wp-json\/wp\/v2\/pages\/23","targetHints":{"allow":["GET"]}}],"collection":[{"href":"https:\/\/dps-strumien.pl\/index.php\/wp-json\/wp\/v2\/pages"}],"about":[{"href":"https:\/\/dps-strumien.pl\/index.php\/wp-json\/wp\/v2\/types\/page"}],"author":[{"embeddable":true,"href":"https:\/\/dps-strumien.pl\/index.php\/wp-json\/wp\/v2\/users\/1"}],"replies":[{"embeddable":true,"href":"https:\/\/dps-strumien.pl\/index.php\/wp-json\/wp\/v2\/comments?post=23"}],"version-history":[{"count":13,"href":"https:\/\/dps-strumien.pl\/index.php\/wp-json\/wp\/v2\/pages\/23\/revisions"}],"predecessor-version":[{"id":10910,"href":"https:\/\/dps-strumien.pl\/index.php\/wp-json\/wp\/v2\/pages\/23\/revisions\/10910"}],"wp:attachment":[{"href":"https:\/\/dps-strumien.pl\/index.php\/wp-json\/wp\/v2\/media?parent=23"}],"curies":[{"name":"wp","href":"https:\/\/api.w.org\/{rel}","templated":true}]}}