{"id":1859,"date":"2022-06-14T11:31:01","date_gmt":"2022-06-14T09:31:01","guid":{"rendered":"https:\/\/dps-strumien.pl\/?page_id=1859"},"modified":"2022-06-14T11:36:38","modified_gmt":"2022-06-14T09:36:38","slug":"kadra","status":"publish","type":"page","link":"https:\/\/dps-strumien.pl\/index.php\/kadra\/","title":{"rendered":"Kadra"},"content":{"rendered":"\n<p>Dom Pomocy Spo\u0142ecznej w Strumieniu zatrudnia wykwalifikowan\u0105 kadr\u0119, kt\u00f3ra zabezpiecza potrzeby mieszka\u0144c\u00f3w oraz prawid\u0142owe funkcjonowanie plac\u00f3wki. Pracownicy Dzia\u0142u Terapeutyczno-Opieku\u0144czego (DO) wykonuj\u0105 prace bezpo\u015brednio z mieszka\u0144cem w ramach grup wychowawczych oraz terapii. W tamach Dzia\u0142u Gospodarczego (DG) funkcjonuj\u0105 kuchnia, pralnia, portiernia i warsztat, a do zada\u0144 Dzia\u0142u Finansowo-Kadrowego (DFK) nale\u017c\u0105 prowadzenie ksi\u0119gowo\u015bci, sekretariatu oraz kadr i p\u0142ac. Pracownik socjalny jest zatrudniony na stanowisku samodzielnym. <\/p>\n\n\n\n<p>Zach\u0119camy do poznania naszej kadry i odwiedzenia zak\u0142adek &#8222;kierownictwo&#8221;  oraz &#8222;personel&#8221;, kt\u00f3re mo\u017cna odnale\u017a\u0107 w menu strony lub przej\u015b\u0107 klikaj\u0105c w poni\u017csze odno\u015bniki. <\/p>\n\n\n\n<p>Link do zak\u0142adki &#8222;kierownictwo&#8221;: <a href=\"https:\/\/dps-strumien.pl\/index.php\/kierownictwo\/\">https:\/\/dps-strumien.pl\/index.php\/kierownictwo\/<\/a><\/p>\n\n\n\n<p>Link do zak\u0142adki &#8222;personel&#8221;: <a href=\"https:\/\/dps-strumien.pl\/index.php\/personel\/\">https:\/\/dps-strumien.pl\/index.php\/personel\/<\/a><\/p>\n","protected":false},"excerpt":{"rendered":"<p>Dom Pomocy Spo\u0142ecznej w Strumieniu zatrudnia wykwalifikowan\u0105 kadr\u0119, kt\u00f3ra zabezpiecza potrzeby mieszka\u0144c\u00f3w oraz prawid\u0142owe funkcjonowanie plac\u00f3wki. Pracownicy Dzia\u0142u Terapeutyczno-Opieku\u0144czego (DO) wykonuj\u0105 prace bezpo\u015brednio z mieszka\u0144cem w ramach grup wychowawczych oraz&#8230;<\/p>\n","protected":false},"author":1,"featured_media":0,"parent":0,"menu_order":0,"comment_status":"closed","ping_status":"closed","template":"","meta":{"ngg_post_thumbnail":0,"footnotes":""},"class_list":["post-1859","page","type-page","status-publish","hentry"],"_links":{"self":[{"href":"https:\/\/dps-strumien.pl\/index.php\/wp-json\/wp\/v2\/pages\/1859","targetHints":{"allow":["GET"]}}],"collection":[{"href":"https:\/\/dps-strumien.pl\/index.php\/wp-json\/wp\/v2\/pages"}],"about":[{"href":"https:\/\/dps-strumien.pl\/index.php\/wp-json\/wp\/v2\/types\/page"}],"author":[{"embeddable":true,"href":"https:\/\/dps-strumien.pl\/index.php\/wp-json\/wp\/v2\/users\/1"}],"replies":[{"embeddable":true,"href":"https:\/\/dps-strumien.pl\/index.php\/wp-json\/wp\/v2\/comments?post=1859"}],"version-history":[{"count":5,"href":"https:\/\/dps-strumien.pl\/index.php\/wp-json\/wp\/v2\/pages\/1859\/revisions"}],"predecessor-version":[{"id":1867,"href":"https:\/\/dps-strumien.pl\/index.php\/wp-json\/wp\/v2\/pages\/1859\/revisions\/1867"}],"wp:attachment":[{"href":"https:\/\/dps-strumien.pl\/index.php\/wp-json\/wp\/v2\/media?parent=1859"}],"curies":[{"name":"wp","href":"https:\/\/api.w.org\/{rel}","templated":true}]}}