{"id":176,"date":"2021-03-28T14:06:34","date_gmt":"2021-03-28T12:06:34","guid":{"rendered":"http:\/\/dps-strumien.pl\/?page_id=176"},"modified":"2024-10-28T18:08:11","modified_gmt":"2024-10-28T17:08:11","slug":"kierownictwo","status":"publish","type":"page","link":"https:\/\/dps-strumien.pl\/index.php\/kierownictwo\/","title":{"rendered":"Kierownictwo"},"content":{"rendered":"\n<div class=\"wp-block-media-text is-stacked-on-mobile\"><figure class=\"wp-block-media-text__media\"><img loading=\"lazy\" decoding=\"async\" width=\"1024\" height=\"1024\" src=\"https:\/\/dps-strumien.pl\/wp-content\/uploads\/2024\/02\/Dyr2-1-1024x1024.jpg\" alt=\"\" class=\"wp-image-6259 size-full\" srcset=\"https:\/\/dps-strumien.pl\/wp-content\/uploads\/2024\/02\/Dyr2-1-1024x1024.jpg 1024w, https:\/\/dps-strumien.pl\/wp-content\/uploads\/2024\/02\/Dyr2-1-300x300.jpg 300w, https:\/\/dps-strumien.pl\/wp-content\/uploads\/2024\/02\/Dyr2-1-150x150.jpg 150w, https:\/\/dps-strumien.pl\/wp-content\/uploads\/2024\/02\/Dyr2-1-768x768.jpg 768w, https:\/\/dps-strumien.pl\/wp-content\/uploads\/2024\/02\/Dyr2-1-1536x1536.jpg 1536w, https:\/\/dps-strumien.pl\/wp-content\/uploads\/2024\/02\/Dyr2-1-2048x2048.jpg 2048w, https:\/\/dps-strumien.pl\/wp-content\/uploads\/2024\/02\/Dyr2-1-450x450.jpg 450w\" sizes=\"auto, (max-width: 1024px) 100vw, 1024px\" \/><\/figure><div class=\"wp-block-media-text__content\">\n<p>Dyrektor DPS dla Dzieci w Strumieniu<\/p>\n\n\n\n<p><strong>Anna S\u0142awi\u0144ska<\/strong><\/p>\n\n\n\n<p>e-mail: dyrektor@dps-strumien.pl <\/p>\n\n\n\n<p>tel. 573-829-284<\/p>\n<\/div><\/div>\n\n\n\n<div class=\"wp-block-media-text is-stacked-on-mobile\"><figure class=\"wp-block-media-text__media\"><img loading=\"lazy\" decoding=\"async\" width=\"1012\" height=\"1024\" src=\"https:\/\/dps-strumien.pl\/wp-content\/uploads\/2024\/10\/jola-kwadrat-1012x1024.jpg\" alt=\"\" class=\"wp-image-8814 size-full\" srcset=\"https:\/\/dps-strumien.pl\/wp-content\/uploads\/2024\/10\/jola-kwadrat-1012x1024.jpg 1012w, https:\/\/dps-strumien.pl\/wp-content\/uploads\/2024\/10\/jola-kwadrat-296x300.jpg 296w, https:\/\/dps-strumien.pl\/wp-content\/uploads\/2024\/10\/jola-kwadrat-768x777.jpg 768w, https:\/\/dps-strumien.pl\/wp-content\/uploads\/2024\/10\/jola-kwadrat-1517x1536.jpg 1517w, https:\/\/dps-strumien.pl\/wp-content\/uploads\/2024\/10\/jola-kwadrat-2023x2048.jpg 2023w\" sizes=\"auto, (max-width: 1012px) 100vw, 1012px\" \/><\/figure><div class=\"wp-block-media-text__content\">\n<p>G\u0142\u00f3wna Ksi\u0119gowa \/ Kierownik Dzia\u0142u Finansowo-Ksi\u0119gowego<\/p>\n\n\n\n<p><strong>Jolanta W\u0105sowicz<\/strong><\/p>\n\n\n\n<p>e-mail: gk-ksiegowosc@dps-strumien.pl    <\/p>\n\n\n\n<p>tel.: 573-829-256<\/p>\n<\/div><\/div>\n\n\n\n<div class=\"wp-block-media-text is-stacked-on-mobile\"><figure class=\"wp-block-media-text__media\"><img loading=\"lazy\" decoding=\"async\" width=\"1024\" height=\"944\" src=\"https:\/\/dps-strumien.pl\/wp-content\/uploads\/2024\/02\/kier2-1024x944.jpg\" alt=\"\" class=\"wp-image-6268 size-full\" srcset=\"https:\/\/dps-strumien.pl\/wp-content\/uploads\/2024\/02\/kier2-1024x944.jpg 1024w, https:\/\/dps-strumien.pl\/wp-content\/uploads\/2024\/02\/kier2-300x277.jpg 300w, https:\/\/dps-strumien.pl\/wp-content\/uploads\/2024\/02\/kier2-768x708.jpg 768w, https:\/\/dps-strumien.pl\/wp-content\/uploads\/2024\/02\/kier2.jpg 1367w\" sizes=\"auto, (max-width: 1024px) 100vw, 1024px\" \/><\/figure><div class=\"wp-block-media-text__content\">\n<p>Kierownik Dzia\u0142u Opieku\u0144czego <\/p>\n\n\n\n<p><strong>Ewelina Ko\u015bciuszko-Wiaterek <\/strong><\/p>\n\n\n\n<p>e-mail: kierownik@dps-strumien.pl       <\/p>\n\n\n\n<p>tel.: 573-829-264<\/p>\n<\/div><\/div>\n\n\n\n<div class=\"wp-block-media-text is-stacked-on-mobile\"><figure class=\"wp-block-media-text__media\"><img loading=\"lazy\" decoding=\"async\" width=\"497\" height=\"492\" src=\"https:\/\/dps-strumien.pl\/wp-content\/uploads\/2024\/02\/Daria2.png\" alt=\"\" class=\"wp-image-6272 size-full\" srcset=\"https:\/\/dps-strumien.pl\/wp-content\/uploads\/2024\/02\/Daria2.png 497w, https:\/\/dps-strumien.pl\/wp-content\/uploads\/2024\/02\/Daria2-300x297.png 300w\" sizes=\"auto, (max-width: 497px) 100vw, 497px\" \/><\/figure><div class=\"wp-block-media-text__content\">\n<p>Kierownik Dzia\u0142u Terapeutycznego <\/p>\n\n\n\n<p><strong>Daria Kwa\u015bniewska<\/strong><\/p>\n\n\n\n<p>e-mail: kierownikdt@dps-strumien.pl    <\/p>\n\n\n\n<p>tel.: 573-829-271<\/p>\n<\/div><\/div>\n\n\n\n<div class=\"wp-block-media-text is-stacked-on-mobile\"><figure class=\"wp-block-media-text__media\"><img loading=\"lazy\" decoding=\"async\" width=\"1024\" height=\"913\" src=\"https:\/\/dps-strumien.pl\/wp-content\/uploads\/2024\/10\/LA2-1024x913.jpg\" alt=\"\" class=\"wp-image-8878 size-full\" srcset=\"https:\/\/dps-strumien.pl\/wp-content\/uploads\/2024\/10\/LA2-1024x913.jpg 1024w, https:\/\/dps-strumien.pl\/wp-content\/uploads\/2024\/10\/LA2-300x267.jpg 300w, https:\/\/dps-strumien.pl\/wp-content\/uploads\/2024\/10\/LA2-768x685.jpg 768w, https:\/\/dps-strumien.pl\/wp-content\/uploads\/2024\/10\/LA2.jpg 1536w\" sizes=\"auto, (max-width: 1024px) 100vw, 1024px\" \/><\/figure><div class=\"wp-block-media-text__content\">\n<p>Prze\u0142o\u017cona Strumie\u0144skiej Wsp\u00f3lnoty Zgromadzenia Si\u00f3str Szkolnych de Notre Dame<\/p>\n\n\n\n<p><strong>SM Leokadia Adamus<\/strong><\/p>\n\n\n\n<p><\/p>\n<\/div><\/div>\n","protected":false},"excerpt":{"rendered":"<p>Dyrektor DPS dla Dzieci w Strumieniu Anna S\u0142awi\u0144ska e-mail: dyrektor@dps-strumien.pl tel. 573-829-284 G\u0142\u00f3wna Ksi\u0119gowa \/ Kierownik Dzia\u0142u Finansowo-Ksi\u0119gowego Jolanta W\u0105sowicz e-mail: gk-ksiegowosc@dps-strumien.pl tel.: 573-829-256 Kierownik Dzia\u0142u Opieku\u0144czego Ewelina Ko\u015bciuszko-Wiaterek e-mail:&#8230;<\/p>\n","protected":false},"author":1,"featured_media":0,"parent":0,"menu_order":0,"comment_status":"closed","ping_status":"closed","template":"","meta":{"ngg_post_thumbnail":0,"footnotes":""},"class_list":["post-176","page","type-page","status-publish","hentry"],"_links":{"self":[{"href":"https:\/\/dps-strumien.pl\/index.php\/wp-json\/wp\/v2\/pages\/176","targetHints":{"allow":["GET"]}}],"collection":[{"href":"https:\/\/dps-strumien.pl\/index.php\/wp-json\/wp\/v2\/pages"}],"about":[{"href":"https:\/\/dps-strumien.pl\/index.php\/wp-json\/wp\/v2\/types\/page"}],"author":[{"embeddable":true,"href":"https:\/\/dps-strumien.pl\/index.php\/wp-json\/wp\/v2\/users\/1"}],"replies":[{"embeddable":true,"href":"https:\/\/dps-strumien.pl\/index.php\/wp-json\/wp\/v2\/comments?post=176"}],"version-history":[{"count":28,"href":"https:\/\/dps-strumien.pl\/index.php\/wp-json\/wp\/v2\/pages\/176\/revisions"}],"predecessor-version":[{"id":8879,"href":"https:\/\/dps-strumien.pl\/index.php\/wp-json\/wp\/v2\/pages\/176\/revisions\/8879"}],"wp:attachment":[{"href":"https:\/\/dps-strumien.pl\/index.php\/wp-json\/wp\/v2\/media?parent=176"}],"curies":[{"name":"wp","href":"https:\/\/api.w.org\/{rel}","templated":true}]}}