{"id":175,"date":"2021-03-28T14:06:34","date_gmt":"2021-03-28T12:06:34","guid":{"rendered":"http:\/\/dps-strumien.pl\/?page_id=175"},"modified":"2026-04-07T17:42:24","modified_gmt":"2026-04-07T15:42:24","slug":"personel","status":"publish","type":"page","link":"https:\/\/dps-strumien.pl\/index.php\/personel\/","title":{"rendered":"Personel"},"content":{"rendered":"\n<h2 class=\"wp-block-heading\" id=\"administracja-i-ksiegowosc\">Administracja i ksi\u0119gowo\u015b\u0107<\/h2>\n\n\n\n<figure class=\"wp-block-gallery has-nested-images columns-default is-cropped wp-block-gallery-1 is-layout-flex wp-block-gallery-is-layout-flex\">\n<figure class=\"wp-block-image size-large\"><img loading=\"lazy\" decoding=\"async\" width=\"853\" height=\"1024\" data-id=\"8823\" src=\"https:\/\/dps-strumien.pl\/wp-content\/uploads\/2024\/10\/Sylwia-853x1024.png\" alt=\"\" class=\"wp-image-8823\" srcset=\"https:\/\/dps-strumien.pl\/wp-content\/uploads\/2024\/10\/Sylwia-853x1024.png 853w, https:\/\/dps-strumien.pl\/wp-content\/uploads\/2024\/10\/Sylwia-250x300.png 250w, https:\/\/dps-strumien.pl\/wp-content\/uploads\/2024\/10\/Sylwia-768x921.png 768w, https:\/\/dps-strumien.pl\/wp-content\/uploads\/2024\/10\/Sylwia.png 1181w\" sizes=\"auto, (max-width: 853px) 100vw, 853px\" \/><\/figure>\n\n\n\n<figure class=\"wp-block-image size-large\"><img loading=\"lazy\" decoding=\"async\" width=\"853\" height=\"1024\" data-id=\"6871\" src=\"https:\/\/dps-strumien.pl\/wp-content\/uploads\/2024\/04\/pracownicy-administracja-2-853x1024.png\" alt=\"\" class=\"wp-image-6871\" srcset=\"https:\/\/dps-strumien.pl\/wp-content\/uploads\/2024\/04\/pracownicy-administracja-2-853x1024.png 853w, https:\/\/dps-strumien.pl\/wp-content\/uploads\/2024\/04\/pracownicy-administracja-2-250x300.png 250w, https:\/\/dps-strumien.pl\/wp-content\/uploads\/2024\/04\/pracownicy-administracja-2-768x921.png 768w, https:\/\/dps-strumien.pl\/wp-content\/uploads\/2024\/04\/pracownicy-administracja-2.png 1181w\" sizes=\"auto, (max-width: 853px) 100vw, 853px\" \/><\/figure>\n\n\n\n<figure class=\"wp-block-image size-full\"><img loading=\"lazy\" decoding=\"async\" width=\"1181\" height=\"1417\" data-id=\"8822\" src=\"https:\/\/dps-strumien.pl\/wp-content\/uploads\/2024\/10\/WIOLA2.png\" alt=\"\" class=\"wp-image-8822\" srcset=\"https:\/\/dps-strumien.pl\/wp-content\/uploads\/2024\/10\/WIOLA2.png 1181w, https:\/\/dps-strumien.pl\/wp-content\/uploads\/2024\/10\/WIOLA2-250x300.png 250w, https:\/\/dps-strumien.pl\/wp-content\/uploads\/2024\/10\/WIOLA2-853x1024.png 853w, https:\/\/dps-strumien.pl\/wp-content\/uploads\/2024\/10\/WIOLA2-768x921.png 768w\" sizes=\"auto, (max-width: 1181px) 100vw, 1181px\" \/><\/figure>\n\n\n\n<figure class=\"wp-block-image size-large\"><img loading=\"lazy\" decoding=\"async\" width=\"853\" height=\"1024\" data-id=\"9101\" src=\"https:\/\/dps-strumien.pl\/wp-content\/uploads\/2024\/11\/S-Emanuela-poprawiony-853x1024.png\" alt=\"\" class=\"wp-image-9101\" srcset=\"https:\/\/dps-strumien.pl\/wp-content\/uploads\/2024\/11\/S-Emanuela-poprawiony-853x1024.png 853w, https:\/\/dps-strumien.pl\/wp-content\/uploads\/2024\/11\/S-Emanuela-poprawiony-250x300.png 250w, https:\/\/dps-strumien.pl\/wp-content\/uploads\/2024\/11\/S-Emanuela-poprawiony-768x921.png 768w, https:\/\/dps-strumien.pl\/wp-content\/uploads\/2024\/11\/S-Emanuela-poprawiony.png 1181w\" sizes=\"auto, (max-width: 853px) 100vw, 853px\" \/><\/figure>\n\n\n\n<figure class=\"wp-block-image size-large\"><img loading=\"lazy\" decoding=\"async\" width=\"500\" height=\"47\" data-id=\"5944\" src=\"https:\/\/dps-strumien.pl\/wp-content\/uploads\/2024\/01\/pusty3-1.jpg\" alt=\"\" class=\"wp-image-5944\" srcset=\"https:\/\/dps-strumien.pl\/wp-content\/uploads\/2024\/01\/pusty3-1.jpg 500w, https:\/\/dps-strumien.pl\/wp-content\/uploads\/2024\/01\/pusty3-1-300x28.jpg 300w\" sizes=\"auto, (max-width: 500px) 100vw, 500px\" \/><\/figure>\n\n\n\n<figure class=\"wp-block-image size-large\"><img loading=\"lazy\" decoding=\"async\" width=\"181\" height=\"133\" data-id=\"8913\" src=\"https:\/\/dps-strumien.pl\/wp-content\/uploads\/2024\/11\/pusty2.jpg\" alt=\"\" class=\"wp-image-8913\"\/><\/figure>\n<\/figure>\n\n\n\n<h2 class=\"wp-block-heading\" id=\"specjalisci\">Specjali\u015bci<\/h2>\n\n\n\n<figure class=\"wp-block-gallery has-nested-images columns-default is-cropped wp-block-gallery-2 is-layout-flex wp-block-gallery-is-layout-flex\">\n<figure class=\"wp-block-image size-full\"><img loading=\"lazy\" decoding=\"async\" width=\"1181\" height=\"1417\" data-id=\"5899\" src=\"https:\/\/dps-strumien.pl\/wp-content\/uploads\/2024\/01\/Pracownicyy-www-specjalisci.png\" alt=\"\" class=\"wp-image-5899\" srcset=\"https:\/\/dps-strumien.pl\/wp-content\/uploads\/2024\/01\/Pracownicyy-www-specjalisci.png 1181w, https:\/\/dps-strumien.pl\/wp-content\/uploads\/2024\/01\/Pracownicyy-www-specjalisci-250x300.png 250w, https:\/\/dps-strumien.pl\/wp-content\/uploads\/2024\/01\/Pracownicyy-www-specjalisci-853x1024.png 853w, https:\/\/dps-strumien.pl\/wp-content\/uploads\/2024\/01\/Pracownicyy-www-specjalisci-768x921.png 768w\" sizes=\"auto, (max-width: 1181px) 100vw, 1181px\" \/><\/figure>\n\n\n\n<figure class=\"wp-block-image size-large\"><img loading=\"lazy\" decoding=\"async\" width=\"853\" height=\"1024\" data-id=\"5904\" src=\"https:\/\/dps-strumien.pl\/wp-content\/uploads\/2024\/01\/Pracownicyy-www-specjalisci-2-853x1024.png\" alt=\"\" class=\"wp-image-5904\" srcset=\"https:\/\/dps-strumien.pl\/wp-content\/uploads\/2024\/01\/Pracownicyy-www-specjalisci-2-853x1024.png 853w, https:\/\/dps-strumien.pl\/wp-content\/uploads\/2024\/01\/Pracownicyy-www-specjalisci-2-250x300.png 250w, https:\/\/dps-strumien.pl\/wp-content\/uploads\/2024\/01\/Pracownicyy-www-specjalisci-2-768x921.png 768w, https:\/\/dps-strumien.pl\/wp-content\/uploads\/2024\/01\/Pracownicyy-www-specjalisci-2.png 1181w\" sizes=\"auto, (max-width: 853px) 100vw, 853px\" \/><\/figure>\n\n\n\n<figure class=\"wp-block-image size-full\"><img loading=\"lazy\" decoding=\"async\" width=\"1181\" height=\"1417\" data-id=\"5908\" src=\"https:\/\/dps-strumien.pl\/wp-content\/uploads\/2024\/01\/Pracownicyy-www-specjalisci-5.png\" alt=\"\" class=\"wp-image-5908\" srcset=\"https:\/\/dps-strumien.pl\/wp-content\/uploads\/2024\/01\/Pracownicyy-www-specjalisci-5.png 1181w, https:\/\/dps-strumien.pl\/wp-content\/uploads\/2024\/01\/Pracownicyy-www-specjalisci-5-250x300.png 250w, https:\/\/dps-strumien.pl\/wp-content\/uploads\/2024\/01\/Pracownicyy-www-specjalisci-5-853x1024.png 853w, https:\/\/dps-strumien.pl\/wp-content\/uploads\/2024\/01\/Pracownicyy-www-specjalisci-5-768x921.png 768w\" sizes=\"auto, (max-width: 1181px) 100vw, 1181px\" \/><\/figure>\n\n\n\n<figure class=\"wp-block-image size-large\"><img loading=\"lazy\" decoding=\"async\" width=\"853\" height=\"1024\" data-id=\"9356\" src=\"https:\/\/dps-strumien.pl\/wp-content\/uploads\/2024\/12\/Arleta-853x1024.png\" alt=\"\" class=\"wp-image-9356\" srcset=\"https:\/\/dps-strumien.pl\/wp-content\/uploads\/2024\/12\/Arleta-853x1024.png 853w, https:\/\/dps-strumien.pl\/wp-content\/uploads\/2024\/12\/Arleta-250x300.png 250w, https:\/\/dps-strumien.pl\/wp-content\/uploads\/2024\/12\/Arleta-768x921.png 768w, https:\/\/dps-strumien.pl\/wp-content\/uploads\/2024\/12\/Arleta.png 1181w\" sizes=\"auto, (max-width: 853px) 100vw, 853px\" \/><\/figure>\n\n\n\n<figure class=\"wp-block-image size-large\"><img loading=\"lazy\" decoding=\"async\" width=\"853\" height=\"1024\" data-id=\"5911\" src=\"https:\/\/dps-strumien.pl\/wp-content\/uploads\/2024\/01\/Pracownicyy-www-specjalisci-8-853x1024.png\" alt=\"\" class=\"wp-image-5911\" srcset=\"https:\/\/dps-strumien.pl\/wp-content\/uploads\/2024\/01\/Pracownicyy-www-specjalisci-8-853x1024.png 853w, https:\/\/dps-strumien.pl\/wp-content\/uploads\/2024\/01\/Pracownicyy-www-specjalisci-8-250x300.png 250w, https:\/\/dps-strumien.pl\/wp-content\/uploads\/2024\/01\/Pracownicyy-www-specjalisci-8-768x921.png 768w, https:\/\/dps-strumien.pl\/wp-content\/uploads\/2024\/01\/Pracownicyy-www-specjalisci-8.png 1181w\" sizes=\"auto, (max-width: 853px) 100vw, 853px\" \/><\/figure>\n\n\n\n<figure class=\"wp-block-image size-large\"><img loading=\"lazy\" decoding=\"async\" width=\"853\" height=\"1024\" data-id=\"5914\" src=\"https:\/\/dps-strumien.pl\/wp-content\/uploads\/2024\/01\/Pracownicyy-www-specjalisci-10-853x1024.png\" alt=\"\" class=\"wp-image-5914\" srcset=\"https:\/\/dps-strumien.pl\/wp-content\/uploads\/2024\/01\/Pracownicyy-www-specjalisci-10-853x1024.png 853w, https:\/\/dps-strumien.pl\/wp-content\/uploads\/2024\/01\/Pracownicyy-www-specjalisci-10-250x300.png 250w, https:\/\/dps-strumien.pl\/wp-content\/uploads\/2024\/01\/Pracownicyy-www-specjalisci-10-768x921.png 768w, https:\/\/dps-strumien.pl\/wp-content\/uploads\/2024\/01\/Pracownicyy-www-specjalisci-10.png 1181w\" sizes=\"auto, (max-width: 853px) 100vw, 853px\" \/><\/figure>\n\n\n\n<figure class=\"wp-block-image size-large\"><img loading=\"lazy\" decoding=\"async\" width=\"853\" height=\"1024\" data-id=\"5915\" src=\"https:\/\/dps-strumien.pl\/wp-content\/uploads\/2024\/01\/Pracownicyy-www-specjalisci-11-853x1024.png\" alt=\"\" class=\"wp-image-5915\" srcset=\"https:\/\/dps-strumien.pl\/wp-content\/uploads\/2024\/01\/Pracownicyy-www-specjalisci-11-853x1024.png 853w, https:\/\/dps-strumien.pl\/wp-content\/uploads\/2024\/01\/Pracownicyy-www-specjalisci-11-250x300.png 250w, https:\/\/dps-strumien.pl\/wp-content\/uploads\/2024\/01\/Pracownicyy-www-specjalisci-11-768x921.png 768w, https:\/\/dps-strumien.pl\/wp-content\/uploads\/2024\/01\/Pracownicyy-www-specjalisci-11.png 1181w\" sizes=\"auto, (max-width: 853px) 100vw, 853px\" \/><\/figure>\n\n\n\n<figure class=\"wp-block-image size-large\"><img loading=\"lazy\" decoding=\"async\" width=\"853\" height=\"1024\" data-id=\"5981\" src=\"https:\/\/dps-strumien.pl\/wp-content\/uploads\/2024\/01\/www-pracownicy-wspomaganie-8-853x1024.png\" alt=\"\" class=\"wp-image-5981\" srcset=\"https:\/\/dps-strumien.pl\/wp-content\/uploads\/2024\/01\/www-pracownicy-wspomaganie-8-853x1024.png 853w, https:\/\/dps-strumien.pl\/wp-content\/uploads\/2024\/01\/www-pracownicy-wspomaganie-8-250x300.png 250w, https:\/\/dps-strumien.pl\/wp-content\/uploads\/2024\/01\/www-pracownicy-wspomaganie-8-768x921.png 768w, https:\/\/dps-strumien.pl\/wp-content\/uploads\/2024\/01\/www-pracownicy-wspomaganie-8.png 1181w\" sizes=\"auto, (max-width: 853px) 100vw, 853px\" \/><\/figure>\n\n\n\n<figure class=\"wp-block-image size-large\"><img loading=\"lazy\" decoding=\"async\" width=\"853\" height=\"1024\" data-id=\"5973\" src=\"https:\/\/dps-strumien.pl\/wp-content\/uploads\/2024\/01\/www-pracownicy-wspomaganie-4-1-853x1024.png\" alt=\"\" class=\"wp-image-5973\" srcset=\"https:\/\/dps-strumien.pl\/wp-content\/uploads\/2024\/01\/www-pracownicy-wspomaganie-4-1-853x1024.png 853w, https:\/\/dps-strumien.pl\/wp-content\/uploads\/2024\/01\/www-pracownicy-wspomaganie-4-1-250x300.png 250w, https:\/\/dps-strumien.pl\/wp-content\/uploads\/2024\/01\/www-pracownicy-wspomaganie-4-1-768x921.png 768w, https:\/\/dps-strumien.pl\/wp-content\/uploads\/2024\/01\/www-pracownicy-wspomaganie-4-1.png 1181w\" sizes=\"auto, (max-width: 853px) 100vw, 853px\" \/><\/figure>\n\n\n\n<figure class=\"wp-block-image size-large\"><img loading=\"lazy\" decoding=\"async\" width=\"853\" height=\"1024\" data-id=\"8825\" src=\"https:\/\/dps-strumien.pl\/wp-content\/uploads\/2024\/10\/agnieszka-853x1024.png\" alt=\"\" class=\"wp-image-8825\" srcset=\"https:\/\/dps-strumien.pl\/wp-content\/uploads\/2024\/10\/agnieszka-853x1024.png 853w, https:\/\/dps-strumien.pl\/wp-content\/uploads\/2024\/10\/agnieszka-250x300.png 250w, https:\/\/dps-strumien.pl\/wp-content\/uploads\/2024\/10\/agnieszka-768x921.png 768w, https:\/\/dps-strumien.pl\/wp-content\/uploads\/2024\/10\/agnieszka.png 1181w\" sizes=\"auto, (max-width: 853px) 100vw, 853px\" \/><\/figure>\n\n\n\n<figure class=\"wp-block-image size-large\"><img loading=\"lazy\" decoding=\"async\" width=\"853\" height=\"1024\" data-id=\"9359\" src=\"https:\/\/dps-strumien.pl\/wp-content\/uploads\/2024\/12\/Ksiadz-853x1024.png\" alt=\"\" class=\"wp-image-9359\" srcset=\"https:\/\/dps-strumien.pl\/wp-content\/uploads\/2024\/12\/Ksiadz-853x1024.png 853w, https:\/\/dps-strumien.pl\/wp-content\/uploads\/2024\/12\/Ksiadz-250x300.png 250w, https:\/\/dps-strumien.pl\/wp-content\/uploads\/2024\/12\/Ksiadz-768x921.png 768w, https:\/\/dps-strumien.pl\/wp-content\/uploads\/2024\/12\/Ksiadz.png 1181w\" sizes=\"auto, (max-width: 853px) 100vw, 853px\" \/><\/figure>\n\n\n\n<figure class=\"wp-block-image size-large\"><img loading=\"lazy\" decoding=\"async\" width=\"853\" height=\"1024\" data-id=\"13805\" src=\"https:\/\/dps-strumien.pl\/wp-content\/uploads\/2026\/04\/pusty-853x1024.png\" alt=\"\" class=\"wp-image-13805\" srcset=\"https:\/\/dps-strumien.pl\/wp-content\/uploads\/2026\/04\/pusty-853x1024.png 853w, https:\/\/dps-strumien.pl\/wp-content\/uploads\/2026\/04\/pusty-250x300.png 250w, https:\/\/dps-strumien.pl\/wp-content\/uploads\/2026\/04\/pusty-768x921.png 768w, https:\/\/dps-strumien.pl\/wp-content\/uploads\/2026\/04\/pusty.png 1181w\" sizes=\"auto, (max-width: 853px) 100vw, 853px\" \/><\/figure>\n<\/figure>\n\n\n\n<h2 class=\"wp-block-heading\" id=\"pracownicy-grup-wychowawczych\">Pracownicy grup wychowawczych<\/h2>\n\n\n\n<figure class=\"wp-block-gallery has-nested-images columns-3 is-cropped wp-block-gallery-3 is-layout-flex wp-block-gallery-is-layout-flex\">\n<figure class=\"wp-block-image size-full\"><img loading=\"lazy\" decoding=\"async\" width=\"1181\" height=\"1417\" data-id=\"5885\" src=\"https:\/\/dps-strumien.pl\/wp-content\/uploads\/2024\/01\/Imie-nazwisko.png\" alt=\"\" class=\"wp-image-5885\" srcset=\"https:\/\/dps-strumien.pl\/wp-content\/uploads\/2024\/01\/Imie-nazwisko.png 1181w, https:\/\/dps-strumien.pl\/wp-content\/uploads\/2024\/01\/Imie-nazwisko-250x300.png 250w, https:\/\/dps-strumien.pl\/wp-content\/uploads\/2024\/01\/Imie-nazwisko-853x1024.png 853w, https:\/\/dps-strumien.pl\/wp-content\/uploads\/2024\/01\/Imie-nazwisko-768x921.png 768w\" sizes=\"auto, (max-width: 1181px) 100vw, 1181px\" \/><\/figure>\n\n\n\n<figure class=\"wp-block-image size-full\"><img loading=\"lazy\" decoding=\"async\" width=\"1181\" height=\"1417\" data-id=\"8909\" src=\"https:\/\/dps-strumien.pl\/wp-content\/uploads\/2024\/11\/Agnieszka-2.png\" alt=\"\" class=\"wp-image-8909\" srcset=\"https:\/\/dps-strumien.pl\/wp-content\/uploads\/2024\/11\/Agnieszka-2.png 1181w, https:\/\/dps-strumien.pl\/wp-content\/uploads\/2024\/11\/Agnieszka-2-250x300.png 250w, https:\/\/dps-strumien.pl\/wp-content\/uploads\/2024\/11\/Agnieszka-2-853x1024.png 853w, https:\/\/dps-strumien.pl\/wp-content\/uploads\/2024\/11\/Agnieszka-2-768x921.png 768w\" sizes=\"auto, (max-width: 1181px) 100vw, 1181px\" \/><\/figure>\n\n\n\n<figure class=\"wp-block-image size-full\"><img loading=\"lazy\" decoding=\"async\" width=\"1181\" height=\"1417\" data-id=\"5888\" src=\"https:\/\/dps-strumien.pl\/wp-content\/uploads\/2024\/01\/Imie-nazwisko-3.png\" alt=\"\" class=\"wp-image-5888\" srcset=\"https:\/\/dps-strumien.pl\/wp-content\/uploads\/2024\/01\/Imie-nazwisko-3.png 1181w, https:\/\/dps-strumien.pl\/wp-content\/uploads\/2024\/01\/Imie-nazwisko-3-250x300.png 250w, https:\/\/dps-strumien.pl\/wp-content\/uploads\/2024\/01\/Imie-nazwisko-3-853x1024.png 853w, https:\/\/dps-strumien.pl\/wp-content\/uploads\/2024\/01\/Imie-nazwisko-3-768x921.png 768w\" sizes=\"auto, (max-width: 1181px) 100vw, 1181px\" \/><\/figure>\n\n\n\n<figure class=\"wp-block-image size-large\"><img loading=\"lazy\" decoding=\"async\" width=\"853\" height=\"1024\" data-id=\"5890\" src=\"https:\/\/dps-strumien.pl\/wp-content\/uploads\/2024\/01\/Imie-nazwisko-5-853x1024.png\" alt=\"\" class=\"wp-image-5890\" srcset=\"https:\/\/dps-strumien.pl\/wp-content\/uploads\/2024\/01\/Imie-nazwisko-5-853x1024.png 853w, https:\/\/dps-strumien.pl\/wp-content\/uploads\/2024\/01\/Imie-nazwisko-5-250x300.png 250w, https:\/\/dps-strumien.pl\/wp-content\/uploads\/2024\/01\/Imie-nazwisko-5-768x921.png 768w, https:\/\/dps-strumien.pl\/wp-content\/uploads\/2024\/01\/Imie-nazwisko-5.png 1181w\" sizes=\"auto, (max-width: 853px) 100vw, 853px\" \/><\/figure>\n\n\n\n<figure class=\"wp-block-image size-large\"><img loading=\"lazy\" decoding=\"async\" width=\"853\" height=\"1024\" data-id=\"5891\" src=\"https:\/\/dps-strumien.pl\/wp-content\/uploads\/2024\/01\/Imie-nazwisko-6-853x1024.png\" alt=\"\" class=\"wp-image-5891\" srcset=\"https:\/\/dps-strumien.pl\/wp-content\/uploads\/2024\/01\/Imie-nazwisko-6-853x1024.png 853w, https:\/\/dps-strumien.pl\/wp-content\/uploads\/2024\/01\/Imie-nazwisko-6-250x300.png 250w, https:\/\/dps-strumien.pl\/wp-content\/uploads\/2024\/01\/Imie-nazwisko-6-768x921.png 768w, https:\/\/dps-strumien.pl\/wp-content\/uploads\/2024\/01\/Imie-nazwisko-6.png 1181w\" sizes=\"auto, (max-width: 853px) 100vw, 853px\" \/><\/figure>\n\n\n\n<figure class=\"wp-block-image size-full\"><img loading=\"lazy\" decoding=\"async\" width=\"1181\" height=\"1417\" data-id=\"5892\" src=\"https:\/\/dps-strumien.pl\/wp-content\/uploads\/2024\/01\/Imie-nazwisko-7.png\" alt=\"\" class=\"wp-image-5892\" srcset=\"https:\/\/dps-strumien.pl\/wp-content\/uploads\/2024\/01\/Imie-nazwisko-7.png 1181w, https:\/\/dps-strumien.pl\/wp-content\/uploads\/2024\/01\/Imie-nazwisko-7-250x300.png 250w, https:\/\/dps-strumien.pl\/wp-content\/uploads\/2024\/01\/Imie-nazwisko-7-853x1024.png 853w, https:\/\/dps-strumien.pl\/wp-content\/uploads\/2024\/01\/Imie-nazwisko-7-768x921.png 768w\" sizes=\"auto, (max-width: 1181px) 100vw, 1181px\" \/><\/figure>\n<\/figure>\n\n\n\n<h2 class=\"wp-block-heading\" id=\"pracownicy-wspomagajacy\">Pracownicy wspomagaj\u0105cy<\/h2>\n\n\n\n<figure class=\"wp-block-gallery has-nested-images columns-default is-cropped wp-block-gallery-4 is-layout-flex wp-block-gallery-is-layout-flex\">\n<figure class=\"wp-block-image size-full\"><img loading=\"lazy\" decoding=\"async\" width=\"1181\" height=\"1417\" data-id=\"5927\" src=\"https:\/\/dps-strumien.pl\/wp-content\/uploads\/2024\/01\/www-pracownicy-wspomaganie-2.png\" alt=\"\" class=\"wp-image-5927\" srcset=\"https:\/\/dps-strumien.pl\/wp-content\/uploads\/2024\/01\/www-pracownicy-wspomaganie-2.png 1181w, https:\/\/dps-strumien.pl\/wp-content\/uploads\/2024\/01\/www-pracownicy-wspomaganie-2-250x300.png 250w, https:\/\/dps-strumien.pl\/wp-content\/uploads\/2024\/01\/www-pracownicy-wspomaganie-2-853x1024.png 853w, https:\/\/dps-strumien.pl\/wp-content\/uploads\/2024\/01\/www-pracownicy-wspomaganie-2-768x921.png 768w\" sizes=\"auto, (max-width: 1181px) 100vw, 1181px\" \/><\/figure>\n\n\n\n<figure class=\"wp-block-image size-large\"><img loading=\"lazy\" decoding=\"async\" width=\"853\" height=\"1024\" data-id=\"9881\" src=\"https:\/\/dps-strumien.pl\/wp-content\/uploads\/2025\/02\/ALINA-poprawione-853x1024.png\" alt=\"\" class=\"wp-image-9881\" srcset=\"https:\/\/dps-strumien.pl\/wp-content\/uploads\/2025\/02\/ALINA-poprawione-853x1024.png 853w, https:\/\/dps-strumien.pl\/wp-content\/uploads\/2025\/02\/ALINA-poprawione-250x300.png 250w, https:\/\/dps-strumien.pl\/wp-content\/uploads\/2025\/02\/ALINA-poprawione-768x921.png 768w, https:\/\/dps-strumien.pl\/wp-content\/uploads\/2025\/02\/ALINA-poprawione.png 1181w\" sizes=\"auto, (max-width: 853px) 100vw, 853px\" \/><\/figure>\n\n\n\n<figure class=\"wp-block-image size-full\"><img loading=\"lazy\" decoding=\"async\" width=\"1181\" height=\"1417\" data-id=\"12509\" src=\"https:\/\/dps-strumien.pl\/wp-content\/uploads\/2025\/11\/www-pracownicy-wspomaganie.png\" alt=\"\" class=\"wp-image-12509\" srcset=\"https:\/\/dps-strumien.pl\/wp-content\/uploads\/2025\/11\/www-pracownicy-wspomaganie.png 1181w, https:\/\/dps-strumien.pl\/wp-content\/uploads\/2025\/11\/www-pracownicy-wspomaganie-250x300.png 250w, https:\/\/dps-strumien.pl\/wp-content\/uploads\/2025\/11\/www-pracownicy-wspomaganie-853x1024.png 853w, https:\/\/dps-strumien.pl\/wp-content\/uploads\/2025\/11\/www-pracownicy-wspomaganie-768x921.png 768w\" sizes=\"auto, (max-width: 1181px) 100vw, 1181px\" \/><\/figure>\n\n\n\n<figure class=\"wp-block-image size-large\"><img loading=\"lazy\" decoding=\"async\" width=\"853\" height=\"1024\" data-id=\"5929\" src=\"https:\/\/dps-strumien.pl\/wp-content\/uploads\/2024\/01\/www-pracownicy-wspomaganie-4-853x1024.png\" alt=\"\" class=\"wp-image-5929\" srcset=\"https:\/\/dps-strumien.pl\/wp-content\/uploads\/2024\/01\/www-pracownicy-wspomaganie-4-853x1024.png 853w, https:\/\/dps-strumien.pl\/wp-content\/uploads\/2024\/01\/www-pracownicy-wspomaganie-4-250x300.png 250w, https:\/\/dps-strumien.pl\/wp-content\/uploads\/2024\/01\/www-pracownicy-wspomaganie-4-768x921.png 768w, https:\/\/dps-strumien.pl\/wp-content\/uploads\/2024\/01\/www-pracownicy-wspomaganie-4.png 1181w\" sizes=\"auto, (max-width: 853px) 100vw, 853px\" \/><\/figure>\n\n\n\n<figure class=\"wp-block-image size-large\"><img loading=\"lazy\" decoding=\"async\" width=\"853\" height=\"1024\" data-id=\"9123\" src=\"https:\/\/dps-strumien.pl\/wp-content\/uploads\/2024\/11\/www-pracownicy-wspomaganie-853x1024.png\" alt=\"\" class=\"wp-image-9123\" srcset=\"https:\/\/dps-strumien.pl\/wp-content\/uploads\/2024\/11\/www-pracownicy-wspomaganie-853x1024.png 853w, https:\/\/dps-strumien.pl\/wp-content\/uploads\/2024\/11\/www-pracownicy-wspomaganie-250x300.png 250w, https:\/\/dps-strumien.pl\/wp-content\/uploads\/2024\/11\/www-pracownicy-wspomaganie-768x921.png 768w, https:\/\/dps-strumien.pl\/wp-content\/uploads\/2024\/11\/www-pracownicy-wspomaganie.png 1181w\" sizes=\"auto, (max-width: 853px) 100vw, 853px\" \/><\/figure>\n\n\n\n<figure class=\"wp-block-image size-large\"><img loading=\"lazy\" decoding=\"async\" width=\"500\" height=\"615\" data-id=\"5926\" src=\"https:\/\/dps-strumien.pl\/wp-content\/uploads\/2024\/01\/pusty-4.jpg\" alt=\"\" class=\"wp-image-5926\" srcset=\"https:\/\/dps-strumien.pl\/wp-content\/uploads\/2024\/01\/pusty-4.jpg 500w, https:\/\/dps-strumien.pl\/wp-content\/uploads\/2024\/01\/pusty-4-244x300.jpg 244w\" sizes=\"auto, (max-width: 500px) 100vw, 500px\" \/><\/figure>\n<\/figure>\n\n\n\n<h2 class=\"wp-block-heading\">Wolontariusze<\/h2>\n\n\n\n<figure class=\"wp-block-gallery has-nested-images columns-default is-cropped wp-block-gallery-5 is-layout-flex wp-block-gallery-is-layout-flex\">\n<figure class=\"wp-block-image size-large\"><img loading=\"lazy\" decoding=\"async\" width=\"853\" height=\"1024\" data-id=\"5976\" src=\"https:\/\/dps-strumien.pl\/wp-content\/uploads\/2024\/01\/www-pracownicy-wspomaganie-3-1-853x1024.png\" alt=\"\" class=\"wp-image-5976\" srcset=\"https:\/\/dps-strumien.pl\/wp-content\/uploads\/2024\/01\/www-pracownicy-wspomaganie-3-1-853x1024.png 853w, https:\/\/dps-strumien.pl\/wp-content\/uploads\/2024\/01\/www-pracownicy-wspomaganie-3-1-250x300.png 250w, https:\/\/dps-strumien.pl\/wp-content\/uploads\/2024\/01\/www-pracownicy-wspomaganie-3-1-768x921.png 768w, https:\/\/dps-strumien.pl\/wp-content\/uploads\/2024\/01\/www-pracownicy-wspomaganie-3-1.png 1181w\" sizes=\"auto, (max-width: 853px) 100vw, 853px\" \/><\/figure>\n\n\n\n<figure class=\"wp-block-image size-large\"><img loading=\"lazy\" decoding=\"async\" width=\"853\" height=\"1024\" data-id=\"5986\" src=\"https:\/\/dps-strumien.pl\/wp-content\/uploads\/2024\/01\/www-pracownicy-wspomaganie-9-853x1024.png\" alt=\"\" class=\"wp-image-5986\" srcset=\"https:\/\/dps-strumien.pl\/wp-content\/uploads\/2024\/01\/www-pracownicy-wspomaganie-9-853x1024.png 853w, https:\/\/dps-strumien.pl\/wp-content\/uploads\/2024\/01\/www-pracownicy-wspomaganie-9-250x300.png 250w, https:\/\/dps-strumien.pl\/wp-content\/uploads\/2024\/01\/www-pracownicy-wspomaganie-9-768x921.png 768w, https:\/\/dps-strumien.pl\/wp-content\/uploads\/2024\/01\/www-pracownicy-wspomaganie-9.png 1181w\" sizes=\"auto, (max-width: 853px) 100vw, 853px\" \/><\/figure>\n\n\n\n<figure class=\"wp-block-image size-large\"><img loading=\"lazy\" decoding=\"async\" width=\"500\" height=\"615\" data-id=\"5934\" src=\"https:\/\/dps-strumien.pl\/wp-content\/uploads\/2024\/01\/pusty-5.jpg\" alt=\"\" class=\"wp-image-5934\" srcset=\"https:\/\/dps-strumien.pl\/wp-content\/uploads\/2024\/01\/pusty-5.jpg 500w, https:\/\/dps-strumien.pl\/wp-content\/uploads\/2024\/01\/pusty-5-244x300.jpg 244w\" sizes=\"auto, (max-width: 500px) 100vw, 500px\" \/><\/figure>\n<\/figure>\n","protected":false},"excerpt":{"rendered":"<p>Administracja i ksi\u0119gowo\u015b\u0107 Specjali\u015bci Pracownicy grup wychowawczych Pracownicy wspomagaj\u0105cy Wolontariusze<\/p>\n","protected":false},"author":1,"featured_media":0,"parent":0,"menu_order":0,"comment_status":"closed","ping_status":"closed","template":"","meta":{"ngg_post_thumbnail":0,"footnotes":""},"class_list":["post-175","page","type-page","status-publish","hentry"],"_links":{"self":[{"href":"https:\/\/dps-strumien.pl\/index.php\/wp-json\/wp\/v2\/pages\/175","targetHints":{"allow":["GET"]}}],"collection":[{"href":"https:\/\/dps-strumien.pl\/index.php\/wp-json\/wp\/v2\/pages"}],"about":[{"href":"https:\/\/dps-strumien.pl\/index.php\/wp-json\/wp\/v2\/types\/page"}],"author":[{"embeddable":true,"href":"https:\/\/dps-strumien.pl\/index.php\/wp-json\/wp\/v2\/users\/1"}],"replies":[{"embeddable":true,"href":"https:\/\/dps-strumien.pl\/index.php\/wp-json\/wp\/v2\/comments?post=175"}],"version-history":[{"count":55,"href":"https:\/\/dps-strumien.pl\/index.php\/wp-json\/wp\/v2\/pages\/175\/revisions"}],"predecessor-version":[{"id":13806,"href":"https:\/\/dps-strumien.pl\/index.php\/wp-json\/wp\/v2\/pages\/175\/revisions\/13806"}],"wp:attachment":[{"href":"https:\/\/dps-strumien.pl\/index.php\/wp-json\/wp\/v2\/media?parent=175"}],"curies":[{"name":"wp","href":"https:\/\/api.w.org\/{rel}","templated":true}]}}