{"id":12,"date":"2021-03-18T12:45:43","date_gmt":"2021-03-18T11:45:43","guid":{"rendered":"http:\/\/dps-strumien.pl\/?page_id=12"},"modified":"2025-10-13T13:11:56","modified_gmt":"2025-10-13T11:11:56","slug":"kontakt","status":"publish","type":"page","link":"https:\/\/dps-strumien.pl\/index.php\/kontakt\/","title":{"rendered":"Kontakt"},"content":{"rendered":"\n<p class=\"has-text-align-center has-medium-font-size\">Dom Pomocy Spo\u0142ecznej dla Dzieci w Strumieniu prowadzony przez Zgromadzenie Si\u00f3str Szkolnych de Notre Dame <\/p>\n\n\n\n<p class=\"has-text-align-center has-medium-font-size\">  ul. 1 Maja 12, 43-246 Strumie\u0144 <\/p>\n\n\n\n<p class=\"has-text-align-center has-medium-font-size\">NIP: 548 148 92 00<br><br><strong>Zapraszamy do kontaktu<\/strong><\/p>\n\n\n\n<p class=\"has-text-align-center has-medium-font-size\">Nasz adres e-mail<br>sekretariat@dps-strumien.pl<\/p>\n\n\n\n<p class=\"has-text-align-center has-medium-font-size\">Mo\u017cesz te\u017c do nas zadzwoni\u0107 <\/p>\n\n\n\n<p class=\"has-text-align-center has-medium-font-size\">tel.: 515-149-731<\/p>\n\n\n\n<p class=\"has-text-align-center has-medium-font-size\">tel. 33 857 02 50 lub 33 857 71 94<\/p>\n\n\n\n<p class=\"has-text-align-center has-medium-font-size\"><strong>Adres do e-Dor\u0119cze\u0144: <\/strong>DPS Strumie\u0144\u00a0AE:PL-38382-49707-HFFAE-29<\/p>\n\n\n\n<p class=\"has-text-align-center has-medium-font-size\">Zapraszamy r\u00f3wnie\u017c do \u015bledzenia nas na stronie Facebook: <\/p>\n\n\n\n<ul class=\"wp-block-social-links aligncenter has-icon-color has-icon-background-color is-style-default is-layout-flex wp-block-social-links-is-layout-flex\"><li style=\"color:#ffffff;background-color:#3962e3;\" class=\"wp-social-link wp-social-link-facebook  wp-block-social-link\"><a href=\"https:\/\/www.facebook.com\/dpsstrumien%20\" class=\"wp-block-social-link-anchor\"><svg width=\"24\" height=\"24\" viewBox=\"0 0 24 24\" version=\"1.1\" xmlns=\"http:\/\/www.w3.org\/2000\/svg\" aria-hidden=\"true\" focusable=\"false\"><path d=\"M12 2C6.5 2 2 6.5 2 12c0 5 3.7 9.1 8.4 9.9v-7H7.9V12h2.5V9.8c0-2.5 1.5-3.9 3.8-3.9 1.1 0 2.2.2 2.2.2v2.5h-1.3c-1.2 0-1.6.8-1.6 1.6V12h2.8l-.4 2.9h-2.3v7C18.3 21.1 22 17 22 12c0-5.5-4.5-10-10-10z\"><\/path><\/svg><span class=\"wp-block-social-link-label screen-reader-text\">Facebook<\/span><\/a><\/li><\/ul>\n\n\n\n<p><\/p>\n","protected":false},"excerpt":{"rendered":"<p>Dom Pomocy Spo\u0142ecznej dla Dzieci w Strumieniu prowadzony przez Zgromadzenie Si\u00f3str Szkolnych de Notre Dame ul. 1 Maja 12, 43-246 Strumie\u0144 NIP: 548 148 92 00 Zapraszamy do kontaktu Nasz&#8230;<\/p>\n","protected":false},"author":1,"featured_media":0,"parent":0,"menu_order":0,"comment_status":"closed","ping_status":"closed","template":"","meta":{"ngg_post_thumbnail":0,"footnotes":""},"class_list":["post-12","page","type-page","status-publish","hentry"],"_links":{"self":[{"href":"https:\/\/dps-strumien.pl\/index.php\/wp-json\/wp\/v2\/pages\/12","targetHints":{"allow":["GET"]}}],"collection":[{"href":"https:\/\/dps-strumien.pl\/index.php\/wp-json\/wp\/v2\/pages"}],"about":[{"href":"https:\/\/dps-strumien.pl\/index.php\/wp-json\/wp\/v2\/types\/page"}],"author":[{"embeddable":true,"href":"https:\/\/dps-strumien.pl\/index.php\/wp-json\/wp\/v2\/users\/1"}],"replies":[{"embeddable":true,"href":"https:\/\/dps-strumien.pl\/index.php\/wp-json\/wp\/v2\/comments?post=12"}],"version-history":[{"count":16,"href":"https:\/\/dps-strumien.pl\/index.php\/wp-json\/wp\/v2\/pages\/12\/revisions"}],"predecessor-version":[{"id":12350,"href":"https:\/\/dps-strumien.pl\/index.php\/wp-json\/wp\/v2\/pages\/12\/revisions\/12350"}],"wp:attachment":[{"href":"https:\/\/dps-strumien.pl\/index.php\/wp-json\/wp\/v2\/media?parent=12"}],"curies":[{"name":"wp","href":"https:\/\/api.w.org\/{rel}","templated":true}]}}